{"id":179,"date":"2021-02-05T13:58:31","date_gmt":"2021-02-05T13:58:31","guid":{"rendered":"https:\/\/mavisiteenfrance.com\/?page_id=179"},"modified":"2021-02-05T14:15:06","modified_gmt":"2021-02-05T14:15:06","slug":"activites-insolites-region-de-montpellier","status":"publish","type":"page","link":"https:\/\/mavisiteenfrance.com\/index.php\/occitanie\/activites-insolites-region-de-montpellier\/","title":{"rendered":"Activit\u00e9s insolites r\u00e9gion de Montpellier"},"content":{"rendered":"      <div id=\"post-grid-lazy-204\" class=\"post-grid-lazy\"><img decoding=\"async\" alt=\"\" src=\"\" \/><\/div>\n    <script>\n      jQuery('#post-grid-lazy-204').ready(function($) {\n        $('#post-grid-lazy-204').fadeOut();\n        $('#post-grid-204   ').fadeIn();\n      })\n    <\/script>\n    <style type=\"text\/css\">\n      #post-grid-204 {\n        display: none;\n      }\n\n      .post-grid-lazy {\n        text-align: center;\n      }\n    <\/style>\n    <div data-options='{&quot;id&quot;:&quot;204&quot;,&quot;lazy_load&quot;:&quot;yes&quot;,&quot;masonry_enable&quot;:&quot;no&quot;,&quot;view_type&quot;:&quot;grid&quot;}' id=\"post-grid-204\" class=\"post-grid grid\">\n    \n\n\n    <div class=\"grid-items\">\n      <div class=\"item item-1630 skin flat even 0 \">\n        <div class=\"layer-wrapper layout-1228\">\n          <div\r\n        class=\"element element_1587190790308  element-media \">\r\n        <a target=\"_self\" href=\"https:\/\/mavisiteenfrance.com\/index.php\/meyrueis-visite-de-la-grotte-de-dargilan\/\"><img loading=\"lazy\" decoding=\"async\" width=\"550\" height=\"380\" src=\"https:\/\/mavisiteenfrance.com\/wp-content\/uploads\/2021\/03\/Visite-de-la-grotte-de-Dargilan.png\" class=\"attachment-large size-large wp-post-image\" alt=\"\" \/><\/a>    <\/div>\r\n    <div class=\"element element_1587187895341  title \">\r\n                    <a target=\"_blank\"\r\n                href=\"https:\/\/mavisiteenfrance.com\/index.php\/meyrueis-visite-de-la-grotte-de-dargilan\/\">Meyrueis - Visite de la grotte de Dargilan<\/a>\r\n            <\/div>\r\n    <\/div>\n  <\/div><div class=\"item item-1417 skin flat odd 1 \">\n        <div class=\"layer-wrapper layout-1228\">\n          <div\r\n        class=\"element element_1587190790308  element-media \">\r\n        <a target=\"_self\" href=\"https:\/\/mavisiteenfrance.com\/index.php\/montdardier-parc-les-accros-danjeau\/\"><img loading=\"lazy\" decoding=\"async\" width=\"550\" height=\"380\" src=\"https:\/\/mavisiteenfrance.com\/wp-content\/uploads\/2021\/02\/Parc-Les-Accros-dAnjeau.png\" class=\"attachment-large size-large wp-post-image\" alt=\"\" \/><\/a>    <\/div>\r\n    <div class=\"element element_1587187895341  title \">\r\n                    <a target=\"_blank\"\r\n                href=\"https:\/\/mavisiteenfrance.com\/index.php\/montdardier-parc-les-accros-danjeau\/\">Montdardier - Parc Les Accros d'Anjeau<\/a>\r\n            <\/div>\r\n    <\/div>\n  <\/div><div class=\"item item-942 skin flat even 2 \">\n        <div class=\"layer-wrapper layout-1228\">\n          <div\r\n        class=\"element element_1587190790308  element-media \">\r\n        <a target=\"_self\" href=\"https:\/\/mavisiteenfrance.com\/index.php\/beziers-domaine-mi-cote\/\"><img loading=\"lazy\" decoding=\"async\" width=\"550\" height=\"380\" src=\"https:\/\/mavisiteenfrance.com\/wp-content\/uploads\/2021\/02\/Format-article-Ma-Visite-en-France-45.png\" class=\"attachment-large size-large wp-post-image\" alt=\"\" \/><\/a>    <\/div>\r\n    <div class=\"element element_1587187895341  title \">\r\n                    <a target=\"_blank\"\r\n                href=\"https:\/\/mavisiteenfrance.com\/index.php\/beziers-domaine-mi-cote\/\">B\u00e9ziers - Domaine Mi-Cote<\/a>\r\n            <\/div>\r\n    <\/div>\n  <\/div><div class=\"item item-969 skin flat odd 3 \">\n        <div class=\"layer-wrapper layout-1228\">\n          <div\r\n        class=\"element element_1587190790308  element-media \">\r\n        <a target=\"_self\" href=\"https:\/\/mavisiteenfrance.com\/index.php\/sete-association-voiles-auriques\/\"><img loading=\"lazy\" decoding=\"async\" width=\"550\" height=\"380\" src=\"https:\/\/mavisiteenfrance.com\/wp-content\/uploads\/2021\/02\/Association-Voiles-Auriques.png\" class=\"attachment-large size-large wp-post-image\" alt=\"\" \/><\/a>    <\/div>\r\n    <div class=\"element element_1587187895341  title \">\r\n                    <a target=\"_blank\"\r\n                href=\"https:\/\/mavisiteenfrance.com\/index.php\/sete-association-voiles-auriques\/\">S\u00e8te - Association Voiles Auriques<\/a>\r\n            <\/div>\r\n    <\/div>\n  <\/div><div class=\"item item-839 skin flat even 4 \">\n        <div class=\"layer-wrapper layout-1228\">\n          <div\r\n        class=\"element element_1587190790308  element-media \">\r\n        <a target=\"_self\" href=\"https:\/\/mavisiteenfrance.com\/index.php\/beziers-le-canal-du-midi-a-velo\/\"><img loading=\"lazy\" decoding=\"async\" width=\"550\" height=\"380\" src=\"https:\/\/mavisiteenfrance.com\/wp-content\/uploads\/2021\/02\/ourbikeinlesomaillesomail.jpg\" class=\"attachment-large size-large wp-post-image\" alt=\"\" \/><\/a>    <\/div>\r\n    <div class=\"element element_1587187895341  title \">\r\n                    <a target=\"_blank\"\r\n                href=\"https:\/\/mavisiteenfrance.com\/index.php\/beziers-le-canal-du-midi-a-velo\/\">B\u00e9ziers - Le Canal Du Midi \u00e0 V\u00e9lo<\/a>\r\n            <\/div>\r\n    <\/div>\n  <\/div><div class=\"item item-857 skin flat odd 5 \">\n        <div class=\"layer-wrapper layout-1228\">\n          <div\r\n        class=\"element element_1587190790308  element-media \">\r\n        <a target=\"_self\" href=\"https:\/\/mavisiteenfrance.com\/index.php\/vic-la-gardiole-domaine-de-la-plaine\/\"><img loading=\"lazy\" decoding=\"async\" width=\"550\" height=\"380\" src=\"https:\/\/mavisiteenfrance.com\/wp-content\/uploads\/2021\/02\/Format-article-Ma-Visite-en-France-20.png\" class=\"attachment-large size-large wp-post-image\" alt=\"\" \/><\/a>    <\/div>\r\n    <div class=\"element element_1587187895341  title \">\r\n                    <a target=\"_blank\"\r\n                href=\"https:\/\/mavisiteenfrance.com\/index.php\/vic-la-gardiole-domaine-de-la-plaine\/\">Vic la Gardiole - Domaine de la Plaine<\/a>\r\n            <\/div>\r\n    <\/div>\n  <\/div><div class=\"item item-809 skin flat even 6 \">\n        <div class=\"layer-wrapper layout-1228\">\n          <div\r\n        class=\"element element_1587190790308  element-media \">\r\n        <a target=\"_self\" href=\"https:\/\/mavisiteenfrance.com\/index.php\/boisset-et-gaujac-chercheur-dor\/\"><img loading=\"lazy\" decoding=\"async\" width=\"550\" height=\"380\" src=\"https:\/\/mavisiteenfrance.com\/wp-content\/uploads\/2021\/02\/Format-article-Ma-Visite-en-France-37.png\" class=\"attachment-large size-large wp-post-image\" alt=\"\" \/><\/a>    <\/div>\r\n    <div class=\"element element_1587187895341  title \">\r\n                    <a target=\"_blank\"\r\n                href=\"https:\/\/mavisiteenfrance.com\/index.php\/boisset-et-gaujac-chercheur-dor\/\">Boisset et Gaujac - Chercheur d'or<\/a>\r\n            <\/div>\r\n    <\/div>\n  <\/div><div class=\"item item-728 skin flat odd 7 \">\n        <div class=\"layer-wrapper layout-1228\">\n          <div\r\n        class=\"element element_1587190790308  element-media \">\r\n        <a target=\"_self\" href=\"https:\/\/mavisiteenfrance.com\/index.php\/cap-dagde-bathau-gourmet\/\"><img loading=\"lazy\" decoding=\"async\" width=\"550\" height=\"380\" src=\"https:\/\/mavisiteenfrance.com\/wp-content\/uploads\/2021\/02\/Format-article-Ma-Visite-en-France-1-4.png\" class=\"attachment-large size-large wp-post-image\" alt=\"\" \/><\/a>    <\/div>\r\n    <div class=\"element element_1587187895341  title \">\r\n                    <a target=\"_blank\"\r\n                href=\"https:\/\/mavisiteenfrance.com\/index.php\/cap-dagde-bathau-gourmet\/\">Cap d'Agde - Ba'Thau Gourmet<\/a>\r\n            <\/div>\r\n    <\/div>\n  <\/div><div class=\"item item-733 skin flat even 8 \">\n        <div class=\"layer-wrapper layout-1228\">\n          <div\r\n        class=\"element element_1587190790308  element-media \">\r\n        <a target=\"_self\" href=\"https:\/\/mavisiteenfrance.com\/index.php\/saint-jean-de-bueges-le-garrel-velos-electriques\/\"><img loading=\"lazy\" decoding=\"async\" width=\"550\" height=\"380\" src=\"https:\/\/mavisiteenfrance.com\/wp-content\/uploads\/2021\/02\/Format-article-Ma-Visite-en-France-2-2.png\" class=\"attachment-large size-large wp-post-image\" alt=\"\" \/><\/a>    <\/div>\r\n    <div class=\"element element_1587187895341  title \">\r\n                    <a target=\"_blank\"\r\n                href=\"https:\/\/mavisiteenfrance.com\/index.php\/saint-jean-de-bueges-le-garrel-velos-electriques\/\">Saint-Jean-de-Bu\u00e8ges - Le Garrel, v\u00e9los \u00e9lectriques<\/a>\r\n            <\/div>\r\n    <\/div>\n  <\/div><div class=\"item item-739 skin flat odd 9 \">\n        <div class=\"layer-wrapper layout-1228\">\n          <div\r\n        class=\"element element_1587190790308  element-media \">\r\n        <a target=\"_self\" href=\"https:\/\/mavisiteenfrance.com\/index.php\/beziers-villa-kumquats\/\"><img loading=\"lazy\" decoding=\"async\" width=\"550\" height=\"380\" src=\"https:\/\/mavisiteenfrance.com\/wp-content\/uploads\/2021\/02\/Format-article-Ma-Visite-en-France-3-2.png\" class=\"attachment-large size-large wp-post-image\" alt=\"\" \/><\/a>    <\/div>\r\n    <div class=\"element element_1587187895341  title \">\r\n                    <a target=\"_blank\"\r\n                href=\"https:\/\/mavisiteenfrance.com\/index.php\/beziers-villa-kumquats\/\">B\u00e9ziers - Villa Kumquats<\/a>\r\n            <\/div>\r\n    <\/div>\n  <\/div>    <\/div>\n    <div class=\"pagination\">\n      <div class=\"paginate\">\n    <span aria-current=\"page\" class=\"page-numbers current\">1<\/span>\n<a class=\"page-numbers\" href=\"https:\/\/mavisiteenfrance.com\/index.php\/wp-json\/wp\/v2\/pages\/179\/page\/2\/\">2<\/a>\n<a class=\"page-numbers\" href=\"https:\/\/mavisiteenfrance.com\/index.php\/wp-json\/wp\/v2\/pages\/179\/page\/3\/\">3<\/a>\n<a class=\"next page-numbers\" href=\"https:\/\/mavisiteenfrance.com\/index.php\/wp-json\/wp\/v2\/pages\/179\/page\/2\/\">Next \u00bb<\/a>  <\/div>\n  <style type=\"text\/css\">\n    #post-grid-204 .pagination .page-numbers {\n      font-size: 16px;\n      color: #fff;\n      background: #646464;\n    }\n\n    #post-grid-204 .pagination .page-numbers:hover,\n    #post-grid-204 .pagination .page-numbers.current {\n      background: #4b4b4b;\n    }\n  <\/style>\n  <\/div>\n    <style type=\"text\/css\">\r\n        .layout-1228 .element_1587190790308 {\r\n            overflow: hidden;\r\n                    }\r\n\r\n        .layout-1228 .element_1587190790308 img {\r\n            max-width: 100%;\r\n            height: auto;\r\n        }\r\n\r\n        @media only screen and (min-width: 1024px) {\r\n            .layout-1228 .element_1587190790308 {\r\n                height: auto;\r\n                            }\r\n        }\r\n\r\n        @media only screen and (min-width: 768px) and (max-width: 1023px) {\r\n            .layout-1228 .element_1587190790308 {\r\n                height: auto;\r\n                            }\r\n        }\r\n\r\n        @media only screen and (min-width: 0px) and (max-width: 767px) {\r\n            .layout-1228 .element_1587190790308 {\r\n                height: auto;\r\n                            }\r\n        }\r\n    <\/style>\r\n    <style type=\"text\/css\">\r\n        .layout-1228 .element_1587187895341 {\r\n            color: #ffffff;\r\n            font-size: 18px;\r\n            margin: 5px;\r\n            text-align: left;\r\n                    }\r\n\r\n        .layout-1228 .element_1587187895341 a {\r\n            color: #ffffff;\r\n            font-size: 18px;\r\n            margin: 5px;\r\n            text-align: left;\r\n                    }\r\n    <\/style>\r\n        <style type=\"text\/css\">\n      .layout-1228 a{text-decoration:none}.layout-1228{overflow:hidden;position:relative;vertical-align:top}.layout-1228:hover .layer-media{z-index:9}.layout-1228 .layer-media{-webkit-transition:all .4s ease 0s;transition:all .4s ease 0s;left:0;top:0;width:100%}.layout-1228 .layer-content{background:rgba(0,0,0,.3) none repeat scroll 0 0;bottom:0;color:#fff;left:0;position:absolute;-webkit-transition:all 1s ease 0s;transition:all 1s ease 0s;width:100%;}    <\/style>\n    <script>\n          <\/script>\n    <style type=\"text\/css\">\n    #post-grid-204 {\n      padding: 10px;\n          }\n\n    #post-grid-204 .item {\n      padding: 0px;\n      background: #fff;\n          }\n\n    #post-grid-204 .item .layer-media {\n      height:auto;    }\n\n    @media only screen and (min-width: 0px) and (max-width: 767px) {\n      #post-grid-204 .grid-items {\n        text-align: center;\n              }\n\n      #post-grid-204 .item {\n        width: 90%;\n        margin: 10px;\n        display: inline-block;\n        vertical-align: top;\n        height:auto;      }\n    }\n\n    @media only screen and (min-width: 768px) and (max-width: 1023px) {\n      #post-grid-204 .grid-items {\n        text-align: center;\n              }\n\n      #post-grid-204 .item {\n        width: 280px;\n        margin: 10px;\n        display: inline-block;\n        vertical-align: top;\n        max-height:auto;      }\n    }\n\n    @media only screen and (min-width: 1024px) {\n      #post-grid-204 .grid-items {\n        text-align: center;\n              }\n\n      #post-grid-204 .item {\n        width: 280px;\n        display: inline-block;\n        margin: 10px;\n        vertical-align: top;\n        height:auto;      }\n    }\n\n      <\/style>\n  <\/div>\n\n","protected":false},"excerpt":{"rendered":"","protected":false},"author":1,"featured_media":0,"parent":147,"menu_order":0,"comment_status":"closed","ping_status":"closed","template":"","meta":{"footnotes":""},"class_list":["post-179","page","type-page","status-publish","hentry"],"yoast_head":"<!-- This site is optimized with the Yoast SEO plugin v19.6.1 - https:\/\/yoast.com\/wordpress\/plugins\/seo\/ -->\n<title>Activit\u00e9s insolites r\u00e9gion de Montpellier - Ma Visite en France<\/title>\n<meta name=\"robots\" content=\"index, follow, max-snippet:-1, max-image-preview:large, max-video-preview:-1\" \/>\n<link rel=\"canonical\" href=\"https:\/\/mavisiteenfrance.com\/index.php\/occitanie\/activites-insolites-region-de-montpellier\/\" \/>\n<meta property=\"og:locale\" content=\"fr_FR\" \/>\n<meta property=\"og:type\" content=\"article\" \/>\n<meta property=\"og:title\" content=\"Activit\u00e9s insolites r\u00e9gion de Montpellier - Ma Visite en France\" \/>\n<meta property=\"og:url\" content=\"https:\/\/mavisiteenfrance.com\/index.php\/occitanie\/activites-insolites-region-de-montpellier\/\" \/>\n<meta property=\"og:site_name\" content=\"Ma Visite en France\" \/>\n<meta property=\"article:modified_time\" content=\"2021-02-05T14:15:06+00:00\" \/>\n<meta name=\"twitter:card\" content=\"summary_large_image\" \/>\n<script type=\"application\/ld+json\" class=\"yoast-schema-graph\">{\"@context\":\"https:\/\/schema.org\",\"@graph\":[{\"@type\":\"WebPage\",\"@id\":\"https:\/\/mavisiteenfrance.com\/index.php\/occitanie\/activites-insolites-region-de-montpellier\/\",\"url\":\"https:\/\/mavisiteenfrance.com\/index.php\/occitanie\/activites-insolites-region-de-montpellier\/\",\"name\":\"Activit\u00e9s insolites r\u00e9gion de Montpellier - Ma Visite en France\",\"isPartOf\":{\"@id\":\"https:\/\/mavisiteenfrance.com\/#website\"},\"datePublished\":\"2021-02-05T13:58:31+00:00\",\"dateModified\":\"2021-02-05T14:15:06+00:00\",\"breadcrumb\":{\"@id\":\"https:\/\/mavisiteenfrance.com\/index.php\/occitanie\/activites-insolites-region-de-montpellier\/#breadcrumb\"},\"inLanguage\":\"fr-FR\",\"potentialAction\":[{\"@type\":\"ReadAction\",\"target\":[\"https:\/\/mavisiteenfrance.com\/index.php\/occitanie\/activites-insolites-region-de-montpellier\/\"]}]},{\"@type\":\"BreadcrumbList\",\"@id\":\"https:\/\/mavisiteenfrance.com\/index.php\/occitanie\/activites-insolites-region-de-montpellier\/#breadcrumb\",\"itemListElement\":[{\"@type\":\"ListItem\",\"position\":1,\"name\":\"Accueil\",\"item\":\"https:\/\/mavisiteenfrance.com\/\"},{\"@type\":\"ListItem\",\"position\":2,\"name\":\"Occitanie\",\"item\":\"https:\/\/mavisiteenfrance.com\/index.php\/occitanie\/\"},{\"@type\":\"ListItem\",\"position\":3,\"name\":\"Activit\u00e9s insolites r\u00e9gion de Montpellier\"}]},{\"@type\":\"WebSite\",\"@id\":\"https:\/\/mavisiteenfrance.com\/#website\",\"url\":\"https:\/\/mavisiteenfrance.com\/\",\"name\":\"Ma Visite en France\",\"description\":\"Exp\u00e9riences insolites\",\"potentialAction\":[{\"@type\":\"SearchAction\",\"target\":{\"@type\":\"EntryPoint\",\"urlTemplate\":\"https:\/\/mavisiteenfrance.com\/?s={search_term_string}\"},\"query-input\":\"required name=search_term_string\"}],\"inLanguage\":\"fr-FR\"}]}<\/script>\n<!-- \/ Yoast SEO plugin. -->","yoast_head_json":{"title":"Activit\u00e9s insolites r\u00e9gion de Montpellier - Ma Visite en France","robots":{"index":"index","follow":"follow","max-snippet":"max-snippet:-1","max-image-preview":"max-image-preview:large","max-video-preview":"max-video-preview:-1"},"canonical":"https:\/\/mavisiteenfrance.com\/index.php\/occitanie\/activites-insolites-region-de-montpellier\/","og_locale":"fr_FR","og_type":"article","og_title":"Activit\u00e9s insolites r\u00e9gion de Montpellier - Ma Visite en France","og_url":"https:\/\/mavisiteenfrance.com\/index.php\/occitanie\/activites-insolites-region-de-montpellier\/","og_site_name":"Ma Visite en France","article_modified_time":"2021-02-05T14:15:06+00:00","twitter_card":"summary_large_image","schema":{"@context":"https:\/\/schema.org","@graph":[{"@type":"WebPage","@id":"https:\/\/mavisiteenfrance.com\/index.php\/occitanie\/activites-insolites-region-de-montpellier\/","url":"https:\/\/mavisiteenfrance.com\/index.php\/occitanie\/activites-insolites-region-de-montpellier\/","name":"Activit\u00e9s insolites r\u00e9gion de Montpellier - Ma Visite en France","isPartOf":{"@id":"https:\/\/mavisiteenfrance.com\/#website"},"datePublished":"2021-02-05T13:58:31+00:00","dateModified":"2021-02-05T14:15:06+00:00","breadcrumb":{"@id":"https:\/\/mavisiteenfrance.com\/index.php\/occitanie\/activites-insolites-region-de-montpellier\/#breadcrumb"},"inLanguage":"fr-FR","potentialAction":[{"@type":"ReadAction","target":["https:\/\/mavisiteenfrance.com\/index.php\/occitanie\/activites-insolites-region-de-montpellier\/"]}]},{"@type":"BreadcrumbList","@id":"https:\/\/mavisiteenfrance.com\/index.php\/occitanie\/activites-insolites-region-de-montpellier\/#breadcrumb","itemListElement":[{"@type":"ListItem","position":1,"name":"Accueil","item":"https:\/\/mavisiteenfrance.com\/"},{"@type":"ListItem","position":2,"name":"Occitanie","item":"https:\/\/mavisiteenfrance.com\/index.php\/occitanie\/"},{"@type":"ListItem","position":3,"name":"Activit\u00e9s insolites r\u00e9gion de Montpellier"}]},{"@type":"WebSite","@id":"https:\/\/mavisiteenfrance.com\/#website","url":"https:\/\/mavisiteenfrance.com\/","name":"Ma Visite en France","description":"Exp\u00e9riences insolites","potentialAction":[{"@type":"SearchAction","target":{"@type":"EntryPoint","urlTemplate":"https:\/\/mavisiteenfrance.com\/?s={search_term_string}"},"query-input":"required name=search_term_string"}],"inLanguage":"fr-FR"}]}},"_links":{"self":[{"href":"https:\/\/mavisiteenfrance.com\/index.php\/wp-json\/wp\/v2\/pages\/179","targetHints":{"allow":["GET"]}}],"collection":[{"href":"https:\/\/mavisiteenfrance.com\/index.php\/wp-json\/wp\/v2\/pages"}],"about":[{"href":"https:\/\/mavisiteenfrance.com\/index.php\/wp-json\/wp\/v2\/types\/page"}],"author":[{"embeddable":true,"href":"https:\/\/mavisiteenfrance.com\/index.php\/wp-json\/wp\/v2\/users\/1"}],"replies":[{"embeddable":true,"href":"https:\/\/mavisiteenfrance.com\/index.php\/wp-json\/wp\/v2\/comments?post=179"}],"version-history":[{"count":2,"href":"https:\/\/mavisiteenfrance.com\/index.php\/wp-json\/wp\/v2\/pages\/179\/revisions"}],"predecessor-version":[{"id":230,"href":"https:\/\/mavisiteenfrance.com\/index.php\/wp-json\/wp\/v2\/pages\/179\/revisions\/230"}],"up":[{"embeddable":true,"href":"https:\/\/mavisiteenfrance.com\/index.php\/wp-json\/wp\/v2\/pages\/147"}],"wp:attachment":[{"href":"https:\/\/mavisiteenfrance.com\/index.php\/wp-json\/wp\/v2\/media?parent=179"}],"curies":[{"name":"wp","href":"https:\/\/api.w.org\/{rel}","templated":true}]}}