{"id":1877,"date":"2021-03-10T09:01:42","date_gmt":"2021-03-10T09:01:42","guid":{"rendered":"https:\/\/mavisiteenfrance.com\/?page_id=1877"},"modified":"2021-03-10T09:03:37","modified_gmt":"2021-03-10T09:03:37","slug":"activites-insolites-region-de-nancy-metz","status":"publish","type":"page","link":"https:\/\/mavisiteenfrance.com\/index.php\/grand-est\/activites-insolites-region-de-nancy-metz\/","title":{"rendered":"Activit\u00e9s insolites r\u00e9gion de Nancy &#8211; Metz"},"content":{"rendered":"      <div id=\"post-grid-lazy-1879\" class=\"post-grid-lazy\"><img decoding=\"async\" alt=\"\" src=\"\" \/><\/div>\n    <script>\n      jQuery('#post-grid-lazy-1879').ready(function($) {\n        $('#post-grid-lazy-1879').fadeOut();\n        $('#post-grid-1879   ').fadeIn();\n      })\n    <\/script>\n    <style type=\"text\/css\">\n      #post-grid-1879 {\n        display: none;\n      }\n\n      .post-grid-lazy {\n        text-align: center;\n      }\n    <\/style>\n    <div data-options='{&quot;id&quot;:&quot;1879&quot;,&quot;lazy_load&quot;:&quot;yes&quot;,&quot;masonry_enable&quot;:&quot;no&quot;,&quot;view_type&quot;:&quot;grid&quot;}' id=\"post-grid-1879\" class=\"post-grid grid\">\n    \n\n\n    <div class=\"grid-items\">\n      <div class=\"item item-2038 skin flat even 0 \">\n        <div class=\"layer-wrapper layout-1228\">\n          <div\r\n        class=\"element element_1587190790308  element-media \">\r\n        <a target=\"_self\" href=\"https:\/\/mavisiteenfrance.com\/index.php\/rettel-musee-lorrain-des-cheminots\/\"><img loading=\"lazy\" decoding=\"async\" width=\"550\" height=\"380\" src=\"https:\/\/mavisiteenfrance.com\/wp-content\/uploads\/2021\/03\/MUSEE-LORRAIN-DES-CHEMINOTS.png\" class=\"attachment-large size-large wp-post-image\" alt=\"\" \/><\/a>    <\/div>\r\n    <div class=\"element element_1587187895341  title \">\r\n                    <a target=\"_blank\"\r\n                href=\"https:\/\/mavisiteenfrance.com\/index.php\/rettel-musee-lorrain-des-cheminots\/\">Rettel - Mus\u00e9e Lorrain des Cheminots<\/a>\r\n            <\/div>\r\n    <\/div>\n  <\/div><div class=\"item item-2226 skin flat odd 1 \">\n        <div class=\"layer-wrapper layout-1228\">\n          <div\r\n        class=\"element element_1587190790308  element-media \">\r\n        <a target=\"_self\" href=\"https:\/\/mavisiteenfrance.com\/index.php\/basse-rentgen-chasse-au-tresor-chateau-de-preisch\/\"><img loading=\"lazy\" decoding=\"async\" width=\"550\" height=\"380\" src=\"https:\/\/mavisiteenfrance.com\/wp-content\/uploads\/2021\/03\/Chasse-au-tre\u0301sor-_-la-fleur-sacre\u0301e-des-fe\u0301es.png\" class=\"attachment-large size-large wp-post-image\" alt=\"\" \/><\/a>    <\/div>\r\n    <div class=\"element element_1587187895341  title \">\r\n                    <a target=\"_blank\"\r\n                href=\"https:\/\/mavisiteenfrance.com\/index.php\/basse-rentgen-chasse-au-tresor-chateau-de-preisch\/\">Basse-Rentgen - Chasse au tr\u00e9sor, Ch\u00e2teau de Preisch<\/a>\r\n            <\/div>\r\n    <\/div>\n  <\/div><div class=\"item item-2229 skin flat even 2 \">\n        <div class=\"layer-wrapper layout-1228\">\n          <div\r\n        class=\"element element_1587190790308  element-media \">\r\n        <a target=\"_self\" href=\"https:\/\/mavisiteenfrance.com\/index.php\/cohons-jardin-de-siliere\/\"><img loading=\"lazy\" decoding=\"async\" width=\"550\" height=\"380\" src=\"https:\/\/mavisiteenfrance.com\/wp-content\/uploads\/2021\/03\/Jardin-de-Silie\u0300re.png\" class=\"attachment-large size-large wp-post-image\" alt=\"\" \/><\/a>    <\/div>\r\n    <div class=\"element element_1587187895341  title \">\r\n                    <a target=\"_blank\"\r\n                href=\"https:\/\/mavisiteenfrance.com\/index.php\/cohons-jardin-de-siliere\/\">Cohons - Jardin de Sili\u00e8re<\/a>\r\n            <\/div>\r\n    <\/div>\n  <\/div><div class=\"item item-2249 skin flat odd 3 \">\n        <div class=\"layer-wrapper layout-1228\">\n          <div\r\n        class=\"element element_1587190790308  element-media \">\r\n        <a target=\"_self\" href=\"https:\/\/mavisiteenfrance.com\/index.php\/ban-sur-meurthe-clefcy-balade-en-sur-ron\/\"><img loading=\"lazy\" decoding=\"async\" width=\"550\" height=\"380\" src=\"https:\/\/mavisiteenfrance.com\/wp-content\/uploads\/2021\/03\/Ban-sur-Meurthe-Clefcy-Balade-en-Sur-Ron.png\" class=\"attachment-large size-large wp-post-image\" alt=\"\" \/><\/a>    <\/div>\r\n    <div class=\"element element_1587187895341  title \">\r\n                    <a target=\"_blank\"\r\n                href=\"https:\/\/mavisiteenfrance.com\/index.php\/ban-sur-meurthe-clefcy-balade-en-sur-ron\/\">Ban-sur-Meurthe-Clefcy - Balade en Sur-Ron<\/a>\r\n            <\/div>\r\n    <\/div>\n  <\/div><div class=\"item item-2443 skin flat even 4 \">\n        <div class=\"layer-wrapper layout-1228\">\n          <div\r\n        class=\"element element_1587190790308  element-media \">\r\n        <a target=\"_self\" href=\"https:\/\/mavisiteenfrance.com\/index.php\/anneville-la-prairie-randonnee-et-peche-sur-etang-prive\/\"><img loading=\"lazy\" decoding=\"async\" width=\"550\" height=\"380\" src=\"https:\/\/mavisiteenfrance.com\/wp-content\/uploads\/2021\/03\/Anne\u0301ville-la-Prairie-Randonne\u0301e-et-pe\u0302che-sur-e\u0301tang-prive\u0301.png\" class=\"attachment-large size-large wp-post-image\" alt=\"\" \/><\/a>    <\/div>\r\n    <div class=\"element element_1587187895341  title \">\r\n                    <a target=\"_blank\"\r\n                href=\"https:\/\/mavisiteenfrance.com\/index.php\/anneville-la-prairie-randonnee-et-peche-sur-etang-prive\/\">Ann\u00e9ville-la-Prairie - Randonn\u00e9e et p\u00eache sur \u00e9tang priv\u00e9<\/a>\r\n            <\/div>\r\n    <\/div>\n  <\/div><div class=\"item item-2668 skin flat odd 5 \">\n        <div class=\"layer-wrapper layout-1228\">\n          <div\r\n        class=\"element element_1587190790308  element-media \">\r\n        <a target=\"_self\" href=\"https:\/\/mavisiteenfrance.com\/index.php\/vals-des-tilles-decouverte-dun-jardin-de-plantes-aromatiques-et-medicinales\/\"><img loading=\"lazy\" decoding=\"async\" width=\"560\" height=\"400\" src=\"https:\/\/mavisiteenfrance.com\/wp-content\/uploads\/2021\/05\/image.jpg\" class=\"attachment-large size-large wp-post-image\" alt=\"\" \/><\/a>    <\/div>\r\n    <div class=\"element element_1587187895341  title \">\r\n                    <a target=\"_blank\"\r\n                href=\"https:\/\/mavisiteenfrance.com\/index.php\/vals-des-tilles-decouverte-dun-jardin-de-plantes-aromatiques-et-medicinales\/\">Vals-des-Tilles - D\u00e9couverte d'un jardin de plantes aromatiques et m\u00e9dicinales<\/a>\r\n            <\/div>\r\n    <\/div>\n  <\/div><div class=\"item item-2743 skin flat even 6 \">\n        <div class=\"layer-wrapper layout-1228\">\n          <div\r\n        class=\"element element_1587190790308  element-media \">\r\n        <a target=\"_self\" href=\"https:\/\/mavisiteenfrance.com\/index.php\/uckange-parc-du-haut-fourneau-u4\/\"><img loading=\"lazy\" decoding=\"async\" width=\"550\" height=\"380\" src=\"https:\/\/mavisiteenfrance.com\/wp-content\/uploads\/2021\/06\/Uckange-Parc-du-haut-fourneau-U4.png\" class=\"attachment-large size-large wp-post-image\" alt=\"\" \/><\/a>    <\/div>\r\n    <div class=\"element element_1587187895341  title \">\r\n                    <a target=\"_blank\"\r\n                href=\"https:\/\/mavisiteenfrance.com\/index.php\/uckange-parc-du-haut-fourneau-u4\/\">Uckange - Parc du haut-fourneau U4<\/a>\r\n            <\/div>\r\n    <\/div>\n  <\/div><div class=\"item item-2786 skin flat odd 7 \">\n        <div class=\"layer-wrapper layout-1228\">\n          <div\r\n        class=\"element element_1587190790308  element-media \">\r\n        <a target=\"_self\" href=\"https:\/\/mavisiteenfrance.com\/index.php\/la-chapelle-aux-bois-la-ferme-aventure\/\"><img loading=\"lazy\" decoding=\"async\" width=\"550\" height=\"380\" src=\"https:\/\/mavisiteenfrance.com\/wp-content\/uploads\/2021\/06\/La-Chapelle-Aux-Bois-La-Ferme-Aventure.png\" class=\"attachment-large size-large wp-post-image\" alt=\"\" \/><\/a>    <\/div>\r\n    <div class=\"element element_1587187895341  title \">\r\n                    <a target=\"_blank\"\r\n                href=\"https:\/\/mavisiteenfrance.com\/index.php\/la-chapelle-aux-bois-la-ferme-aventure\/\">La Chapelle Aux Bois - La Ferme Aventure<\/a>\r\n            <\/div>\r\n    <\/div>\n  <\/div><div class=\"item item-1961 skin flat even 8 \">\n        <div class=\"layer-wrapper layout-1228\">\n          <div\r\n        class=\"element element_1587190790308  element-media \">\r\n        <a target=\"_self\" href=\"https:\/\/mavisiteenfrance.com\/index.php\/langres-chemin-de-leau\/\"><img loading=\"lazy\" decoding=\"async\" width=\"550\" height=\"380\" src=\"https:\/\/mavisiteenfrance.com\/wp-content\/uploads\/2021\/03\/Chemin-de-leau.png\" class=\"attachment-large size-large wp-post-image\" alt=\"\" \/><\/a>    <\/div>\r\n    <div class=\"element element_1587187895341  title \">\r\n                    <a target=\"_blank\"\r\n                href=\"https:\/\/mavisiteenfrance.com\/index.php\/langres-chemin-de-leau\/\">Langres - Chemin de l'eau<\/a>\r\n            <\/div>\r\n    <\/div>\n  <\/div>    <\/div>\n    <div class=\"pagination\">\n      <div class=\"paginate\">\n      <\/div>\n  <style type=\"text\/css\">\n    #post-grid-1879 .pagination .page-numbers {\n      font-size: 16px;\n      color: #fff;\n      background: #646464;\n    }\n\n    #post-grid-1879 .pagination .page-numbers:hover,\n    #post-grid-1879 .pagination .page-numbers.current {\n      background: #4b4b4b;\n    }\n  <\/style>\n  <\/div>\n    <style type=\"text\/css\">\r\n        .layout-1228 .element_1587190790308 {\r\n            overflow: hidden;\r\n                    }\r\n\r\n        .layout-1228 .element_1587190790308 img {\r\n            max-width: 100%;\r\n            height: auto;\r\n        }\r\n\r\n        @media only screen and (min-width: 1024px) {\r\n            .layout-1228 .element_1587190790308 {\r\n                height: auto;\r\n                            }\r\n        }\r\n\r\n        @media only screen and (min-width: 768px) and (max-width: 1023px) {\r\n            .layout-1228 .element_1587190790308 {\r\n                height: auto;\r\n                            }\r\n        }\r\n\r\n        @media only screen and (min-width: 0px) and (max-width: 767px) {\r\n            .layout-1228 .element_1587190790308 {\r\n                height: auto;\r\n                            }\r\n        }\r\n    <\/style>\r\n    <style type=\"text\/css\">\r\n        .layout-1228 .element_1587187895341 {\r\n            color: #ffffff;\r\n            font-size: 18px;\r\n            margin: 5px;\r\n            text-align: left;\r\n                    }\r\n\r\n        .layout-1228 .element_1587187895341 a {\r\n            color: #ffffff;\r\n            font-size: 18px;\r\n            margin: 5px;\r\n            text-align: left;\r\n                    }\r\n    <\/style>\r\n        <style type=\"text\/css\">\n      .layout-1228 a{text-decoration:none}.layout-1228{overflow:hidden;position:relative;vertical-align:top}.layout-1228:hover .layer-media{z-index:9}.layout-1228 .layer-media{-webkit-transition:all .4s ease 0s;transition:all .4s ease 0s;left:0;top:0;width:100%}.layout-1228 .layer-content{background:rgba(0,0,0,.3) none repeat scroll 0 0;bottom:0;color:#fff;left:0;position:absolute;-webkit-transition:all 1s ease 0s;transition:all 1s ease 0s;width:100%;}    <\/style>\n    <script>\n          <\/script>\n    <style type=\"text\/css\">\n    #post-grid-1879 {\n      padding: 10px;\n          }\n\n    #post-grid-1879 .item {\n      padding: 0px;\n      background: #fff;\n          }\n\n    #post-grid-1879 .item .layer-media {\n      height:auto;    }\n\n    @media only screen and (min-width: 0px) and (max-width: 767px) {\n      #post-grid-1879 .grid-items {\n        text-align: center;\n              }\n\n      #post-grid-1879 .item {\n        width: 90%;\n        margin: 10px;\n        display: inline-block;\n        vertical-align: top;\n        height:auto;      }\n    }\n\n    @media only screen and (min-width: 768px) and (max-width: 1023px) {\n      #post-grid-1879 .grid-items {\n        text-align: center;\n              }\n\n      #post-grid-1879 .item {\n        width: 280px;\n        margin: 10px;\n        display: inline-block;\n        vertical-align: top;\n        max-height:auto;      }\n    }\n\n    @media only screen and (min-width: 1024px) {\n      #post-grid-1879 .grid-items {\n        text-align: center;\n              }\n\n      #post-grid-1879 .item {\n        width: 280px;\n        display: inline-block;\n        margin: 10px;\n        vertical-align: top;\n        height:auto;      }\n    }\n\n      <\/style>\n  <\/div>\n\n","protected":false},"excerpt":{"rendered":"","protected":false},"author":1,"featured_media":0,"parent":104,"menu_order":0,"comment_status":"closed","ping_status":"closed","template":"","meta":{"footnotes":""},"class_list":["post-1877","page","type-page","status-publish","hentry"],"yoast_head":"<!-- This site is optimized with the Yoast SEO plugin v19.6.1 - https:\/\/yoast.com\/wordpress\/plugins\/seo\/ -->\n<title>Activit\u00e9s insolites r\u00e9gion de Nancy - Metz - Ma Visite en France<\/title>\n<meta name=\"robots\" content=\"index, follow, max-snippet:-1, max-image-preview:large, max-video-preview:-1\" \/>\n<link rel=\"canonical\" href=\"https:\/\/mavisiteenfrance.com\/index.php\/grand-est\/activites-insolites-region-de-nancy-metz\/\" \/>\n<meta property=\"og:locale\" content=\"fr_FR\" \/>\n<meta property=\"og:type\" content=\"article\" \/>\n<meta property=\"og:title\" content=\"Activit\u00e9s insolites r\u00e9gion de Nancy - Metz - Ma Visite en France\" \/>\n<meta property=\"og:url\" content=\"https:\/\/mavisiteenfrance.com\/index.php\/grand-est\/activites-insolites-region-de-nancy-metz\/\" \/>\n<meta property=\"og:site_name\" content=\"Ma Visite en France\" \/>\n<meta property=\"article:modified_time\" content=\"2021-03-10T09:03:37+00:00\" \/>\n<meta name=\"twitter:card\" content=\"summary_large_image\" \/>\n<meta name=\"twitter:label1\" content=\"Dur\u00e9e de lecture estim\u00e9e\" \/>\n\t<meta name=\"twitter:data1\" content=\"1 minute\" \/>\n<script type=\"application\/ld+json\" class=\"yoast-schema-graph\">{\"@context\":\"https:\/\/schema.org\",\"@graph\":[{\"@type\":\"WebPage\",\"@id\":\"https:\/\/mavisiteenfrance.com\/index.php\/grand-est\/activites-insolites-region-de-nancy-metz\/\",\"url\":\"https:\/\/mavisiteenfrance.com\/index.php\/grand-est\/activites-insolites-region-de-nancy-metz\/\",\"name\":\"Activit\u00e9s insolites r\u00e9gion de Nancy - Metz - Ma Visite en France\",\"isPartOf\":{\"@id\":\"https:\/\/mavisiteenfrance.com\/#website\"},\"datePublished\":\"2021-03-10T09:01:42+00:00\",\"dateModified\":\"2021-03-10T09:03:37+00:00\",\"breadcrumb\":{\"@id\":\"https:\/\/mavisiteenfrance.com\/index.php\/grand-est\/activites-insolites-region-de-nancy-metz\/#breadcrumb\"},\"inLanguage\":\"fr-FR\",\"potentialAction\":[{\"@type\":\"ReadAction\",\"target\":[\"https:\/\/mavisiteenfrance.com\/index.php\/grand-est\/activites-insolites-region-de-nancy-metz\/\"]}]},{\"@type\":\"BreadcrumbList\",\"@id\":\"https:\/\/mavisiteenfrance.com\/index.php\/grand-est\/activites-insolites-region-de-nancy-metz\/#breadcrumb\",\"itemListElement\":[{\"@type\":\"ListItem\",\"position\":1,\"name\":\"Accueil\",\"item\":\"https:\/\/mavisiteenfrance.com\/\"},{\"@type\":\"ListItem\",\"position\":2,\"name\":\"Grand-Est\",\"item\":\"https:\/\/mavisiteenfrance.com\/index.php\/grand-est\/\"},{\"@type\":\"ListItem\",\"position\":3,\"name\":\"Activit\u00e9s insolites r\u00e9gion de Nancy &#8211; Metz\"}]},{\"@type\":\"WebSite\",\"@id\":\"https:\/\/mavisiteenfrance.com\/#website\",\"url\":\"https:\/\/mavisiteenfrance.com\/\",\"name\":\"Ma Visite en France\",\"description\":\"Exp\u00e9riences insolites\",\"potentialAction\":[{\"@type\":\"SearchAction\",\"target\":{\"@type\":\"EntryPoint\",\"urlTemplate\":\"https:\/\/mavisiteenfrance.com\/?s={search_term_string}\"},\"query-input\":\"required name=search_term_string\"}],\"inLanguage\":\"fr-FR\"}]}<\/script>\n<!-- \/ Yoast SEO plugin. -->","yoast_head_json":{"title":"Activit\u00e9s insolites r\u00e9gion de Nancy - Metz - Ma Visite en France","robots":{"index":"index","follow":"follow","max-snippet":"max-snippet:-1","max-image-preview":"max-image-preview:large","max-video-preview":"max-video-preview:-1"},"canonical":"https:\/\/mavisiteenfrance.com\/index.php\/grand-est\/activites-insolites-region-de-nancy-metz\/","og_locale":"fr_FR","og_type":"article","og_title":"Activit\u00e9s insolites r\u00e9gion de Nancy - Metz - Ma Visite en France","og_url":"https:\/\/mavisiteenfrance.com\/index.php\/grand-est\/activites-insolites-region-de-nancy-metz\/","og_site_name":"Ma Visite en France","article_modified_time":"2021-03-10T09:03:37+00:00","twitter_card":"summary_large_image","twitter_misc":{"Dur\u00e9e de lecture estim\u00e9e":"1 minute"},"schema":{"@context":"https:\/\/schema.org","@graph":[{"@type":"WebPage","@id":"https:\/\/mavisiteenfrance.com\/index.php\/grand-est\/activites-insolites-region-de-nancy-metz\/","url":"https:\/\/mavisiteenfrance.com\/index.php\/grand-est\/activites-insolites-region-de-nancy-metz\/","name":"Activit\u00e9s insolites r\u00e9gion de Nancy - Metz - Ma Visite en France","isPartOf":{"@id":"https:\/\/mavisiteenfrance.com\/#website"},"datePublished":"2021-03-10T09:01:42+00:00","dateModified":"2021-03-10T09:03:37+00:00","breadcrumb":{"@id":"https:\/\/mavisiteenfrance.com\/index.php\/grand-est\/activites-insolites-region-de-nancy-metz\/#breadcrumb"},"inLanguage":"fr-FR","potentialAction":[{"@type":"ReadAction","target":["https:\/\/mavisiteenfrance.com\/index.php\/grand-est\/activites-insolites-region-de-nancy-metz\/"]}]},{"@type":"BreadcrumbList","@id":"https:\/\/mavisiteenfrance.com\/index.php\/grand-est\/activites-insolites-region-de-nancy-metz\/#breadcrumb","itemListElement":[{"@type":"ListItem","position":1,"name":"Accueil","item":"https:\/\/mavisiteenfrance.com\/"},{"@type":"ListItem","position":2,"name":"Grand-Est","item":"https:\/\/mavisiteenfrance.com\/index.php\/grand-est\/"},{"@type":"ListItem","position":3,"name":"Activit\u00e9s insolites r\u00e9gion de Nancy &#8211; Metz"}]},{"@type":"WebSite","@id":"https:\/\/mavisiteenfrance.com\/#website","url":"https:\/\/mavisiteenfrance.com\/","name":"Ma Visite en France","description":"Exp\u00e9riences insolites","potentialAction":[{"@type":"SearchAction","target":{"@type":"EntryPoint","urlTemplate":"https:\/\/mavisiteenfrance.com\/?s={search_term_string}"},"query-input":"required name=search_term_string"}],"inLanguage":"fr-FR"}]}},"_links":{"self":[{"href":"https:\/\/mavisiteenfrance.com\/index.php\/wp-json\/wp\/v2\/pages\/1877","targetHints":{"allow":["GET"]}}],"collection":[{"href":"https:\/\/mavisiteenfrance.com\/index.php\/wp-json\/wp\/v2\/pages"}],"about":[{"href":"https:\/\/mavisiteenfrance.com\/index.php\/wp-json\/wp\/v2\/types\/page"}],"author":[{"embeddable":true,"href":"https:\/\/mavisiteenfrance.com\/index.php\/wp-json\/wp\/v2\/users\/1"}],"replies":[{"embeddable":true,"href":"https:\/\/mavisiteenfrance.com\/index.php\/wp-json\/wp\/v2\/comments?post=1877"}],"version-history":[{"count":2,"href":"https:\/\/mavisiteenfrance.com\/index.php\/wp-json\/wp\/v2\/pages\/1877\/revisions"}],"predecessor-version":[{"id":1880,"href":"https:\/\/mavisiteenfrance.com\/index.php\/wp-json\/wp\/v2\/pages\/1877\/revisions\/1880"}],"up":[{"embeddable":true,"href":"https:\/\/mavisiteenfrance.com\/index.php\/wp-json\/wp\/v2\/pages\/104"}],"wp:attachment":[{"href":"https:\/\/mavisiteenfrance.com\/index.php\/wp-json\/wp\/v2\/media?parent=1877"}],"curies":[{"name":"wp","href":"https:\/\/api.w.org\/{rel}","templated":true}]}}