{"id":2,"date":"2020-04-29T09:17:11","date_gmt":"2020-04-29T09:17:11","guid":{"rendered":"https:\/\/mavisiteenfrance.com\/?page_id=2"},"modified":"2021-04-29T08:31:21","modified_gmt":"2021-04-29T08:31:21","slug":"ma-visite-en-france","status":"publish","type":"page","link":"https:\/\/mavisiteenfrance.com\/","title":{"rendered":""},"content":{"rendered":"\n<p><strong>Dans quelle r\u00e9gion cherchez-vous une activit\u00e9 ludique ?<\/strong><\/p>\n\n\n\n<p><strong><a href=\"https:\/\/mavisiteenfrance.com\/index.php\/la-carte-des-activites\/\">D\u00e9couvrez la carte de France des activit\u00e9s !<\/a><\/strong><\/p>\n\n\n\n<div class=\"wp-block-columns is-layout-flex wp-container-core-columns-is-layout-9d6595d7 wp-block-columns-is-layout-flex\">\n<div class=\"wp-block-column is-layout-flow wp-block-column-is-layout-flow\">\n<figure class=\"wp-block-image size-large\"><a href=\"https:\/\/mavisiteenfrance.com\/index.php\/auvergne-rhone-alpes\/\"><img loading=\"lazy\" decoding=\"async\" width=\"275\" height=\"367\" src=\"https:\/\/mavisiteenfrance.com\/wp-content\/uploads\/2021\/02\/Auvergne-Rho\u0302ne-Alpes.jpg\" alt=\"\" class=\"wp-image-447\"\/><\/a><\/figure>\n<\/div>\n\n\n\n<div class=\"wp-block-column is-layout-flow wp-block-column-is-layout-flow\">\n<figure class=\"wp-block-image size-large\"><a href=\"https:\/\/mavisiteenfrance.com\/index.php\/bourgogne-franche-comte\/\"><img loading=\"lazy\" decoding=\"async\" width=\"275\" height=\"367\" src=\"https:\/\/mavisiteenfrance.com\/wp-content\/uploads\/2021\/02\/Bourgogne-Franche-Comte\u0301-1.png\" alt=\"\" class=\"wp-image-462\"\/><\/a><\/figure>\n<\/div>\n\n\n\n<div class=\"wp-block-column is-layout-flow wp-block-column-is-layout-flow\">\n<figure class=\"wp-block-image size-large\"><a href=\"https:\/\/mavisiteenfrance.com\/index.php\/bretagne\/\"><img loading=\"lazy\" decoding=\"async\" width=\"275\" height=\"367\" src=\"https:\/\/mavisiteenfrance.com\/wp-content\/uploads\/2021\/02\/Bretagne-1.png\" alt=\"\" class=\"wp-image-463\"\/><\/a><\/figure>\n\n\n\n<p><\/p>\n<\/div>\n<\/div>\n\n\n\n<div class=\"wp-block-columns is-layout-flex wp-container-core-columns-is-layout-9d6595d7 wp-block-columns-is-layout-flex\">\n<div class=\"wp-block-column is-layout-flow wp-block-column-is-layout-flow\">\n<figure class=\"wp-block-image size-large\"><a href=\"https:\/\/mavisiteenfrance.com\/index.php\/centre-val-de-loire\/\"><img loading=\"lazy\" decoding=\"async\" width=\"275\" height=\"367\" src=\"https:\/\/mavisiteenfrance.com\/wp-content\/uploads\/2021\/02\/Centre-Val-de-Loire-1.jpg\" alt=\"\" class=\"wp-image-464\"\/><\/a><\/figure>\n<\/div>\n\n\n\n<div class=\"wp-block-column is-layout-flow wp-block-column-is-layout-flow\">\n<figure class=\"wp-block-image size-large\"><a href=\"https:\/\/mavisiteenfrance.com\/index.php\/corse\/\"><img loading=\"lazy\" decoding=\"async\" width=\"275\" height=\"367\" src=\"https:\/\/mavisiteenfrance.com\/wp-content\/uploads\/2021\/02\/Corse-1.png\" alt=\"\" class=\"wp-image-465\"\/><\/a><\/figure>\n<\/div>\n\n\n\n<div class=\"wp-block-column is-layout-flow wp-block-column-is-layout-flow\">\n<figure class=\"wp-block-image size-large\"><a href=\"https:\/\/mavisiteenfrance.com\/index.php\/grand-est\/\"><img loading=\"lazy\" decoding=\"async\" width=\"275\" height=\"367\" src=\"https:\/\/mavisiteenfrance.com\/wp-content\/uploads\/2021\/02\/Grand-Est-1-1.png\" alt=\"\" class=\"wp-image-475\"\/><\/a><\/figure>\n\n\n\n<p><\/p>\n<\/div>\n<\/div>\n\n\n\n<div class=\"wp-block-columns is-layout-flex wp-container-core-columns-is-layout-9d6595d7 wp-block-columns-is-layout-flex\">\n<div class=\"wp-block-column is-layout-flow wp-block-column-is-layout-flow\">\n<figure class=\"wp-block-image size-large\"><a href=\"https:\/\/mavisiteenfrance.com\/index.php\/hauts-de-france\/\"><img loading=\"lazy\" decoding=\"async\" width=\"275\" height=\"367\" src=\"https:\/\/mavisiteenfrance.com\/wp-content\/uploads\/2021\/02\/Hauts-de-France-1.jpg\" alt=\"\" class=\"wp-image-468\"\/><\/a><\/figure>\n<\/div>\n\n\n\n<div class=\"wp-block-column is-layout-flow wp-block-column-is-layout-flow\">\n<figure class=\"wp-block-image size-large\"><a href=\"https:\/\/mavisiteenfrance.com\/index.php\/ile-de-france\/\"><img loading=\"lazy\" decoding=\"async\" width=\"275\" height=\"367\" src=\"https:\/\/mavisiteenfrance.com\/wp-content\/uploads\/2021\/02\/I\u0302le-de-France-1.jpg\" alt=\"\" class=\"wp-image-469\"\/><\/a><\/figure>\n<\/div>\n\n\n\n<div class=\"wp-block-column is-layout-flow wp-block-column-is-layout-flow\">\n<figure class=\"wp-block-image size-large\"><a href=\"https:\/\/mavisiteenfrance.com\/index.php\/normandie\/\"><img loading=\"lazy\" decoding=\"async\" width=\"275\" height=\"367\" src=\"https:\/\/mavisiteenfrance.com\/wp-content\/uploads\/2021\/02\/Normandie-1.jpg\" alt=\"\" class=\"wp-image-470\"\/><\/a><\/figure>\n\n\n\n<p><\/p>\n<\/div>\n<\/div>\n\n\n\n<div class=\"wp-block-columns is-layout-flex wp-container-core-columns-is-layout-9d6595d7 wp-block-columns-is-layout-flex\">\n<div class=\"wp-block-column is-layout-flow wp-block-column-is-layout-flow\">\n<figure class=\"wp-block-image size-large\"><a href=\"https:\/\/mavisiteenfrance.com\/index.php\/nouvelle-aquitaine\/\"><img loading=\"lazy\" decoding=\"async\" width=\"275\" height=\"367\" src=\"https:\/\/mavisiteenfrance.com\/wp-content\/uploads\/2021\/02\/Nouvelle-Aquitaine-1.jpg\" alt=\"\" class=\"wp-image-471\"\/><\/a><\/figure>\n<\/div>\n\n\n\n<div class=\"wp-block-column is-layout-flow wp-block-column-is-layout-flow\">\n<figure class=\"wp-block-image size-large\"><a href=\"https:\/\/mavisiteenfrance.com\/index.php\/occitanie\/\"><img loading=\"lazy\" decoding=\"async\" width=\"275\" height=\"367\" src=\"https:\/\/mavisiteenfrance.com\/wp-content\/uploads\/2021\/02\/Occitanie-1.jpg\" alt=\"\" class=\"wp-image-472\"\/><\/a><\/figure>\n<\/div>\n\n\n\n<div class=\"wp-block-column is-layout-flow wp-block-column-is-layout-flow\">\n<figure class=\"wp-block-image size-large\"><a href=\"https:\/\/mavisiteenfrance.com\/index.php\/pays-de-la-loire\/\"><img loading=\"lazy\" decoding=\"async\" width=\"275\" height=\"367\" src=\"https:\/\/mavisiteenfrance.com\/wp-content\/uploads\/2021\/02\/Pays-de-la-Loire-1.jpg\" alt=\"\" class=\"wp-image-473\"\/><\/a><\/figure>\n\n\n\n<p><\/p>\n<\/div>\n<\/div>\n\n\n\n<div class=\"wp-block-columns is-layout-flex wp-container-core-columns-is-layout-9d6595d7 wp-block-columns-is-layout-flex\">\n<div class=\"wp-block-column is-layout-flow wp-block-column-is-layout-flow\">\n<figure class=\"wp-block-image size-large\"><a href=\"https:\/\/mavisiteenfrance.com\/index.php\/provence-alpes-cote-dazur\/\"><img loading=\"lazy\" decoding=\"async\" width=\"275\" height=\"367\" src=\"https:\/\/mavisiteenfrance.com\/wp-content\/uploads\/2021\/02\/Provence-Co\u0302te-dAzur-1.png\" alt=\"\" class=\"wp-image-474\"\/><\/a><\/figure>\n<\/div>\n\n\n\n<div class=\"wp-block-column is-layout-flow wp-block-column-is-layout-flow\"><\/div>\n\n\n\n<div class=\"wp-block-column is-layout-flow wp-block-column-is-layout-flow\"><\/div>\n<\/div>\n","protected":false},"excerpt":{"rendered":"<p>Dans quelle r\u00e9gion cherchez-vous une activit\u00e9 ludique ? D\u00e9couvrez la carte de France des activit\u00e9s !<\/p>\n","protected":false},"author":1,"featured_media":0,"parent":0,"menu_order":0,"comment_status":"closed","ping_status":"open","template":"","meta":{"footnotes":""},"class_list":["post-2","page","type-page","status-publish","hentry"],"yoast_head":"<!-- This site is optimized with the Yoast SEO plugin v19.6.1 - https:\/\/yoast.com\/wordpress\/plugins\/seo\/ -->\n<title>- Ma Visite en France<\/title>\n<meta name=\"description\" content=\"Ma visite en France, visiter les r\u00e9gions fran\u00e7aises de mani\u00e8re insolites et ludiques avec des activit\u00e9s class\u00e9es par r\u00e9gion.\" \/>\n<meta name=\"robots\" content=\"index, follow, max-snippet:-1, max-image-preview:large, max-video-preview:-1\" \/>\n<link rel=\"canonical\" href=\"https:\/\/mavisiteenfrance.com\/\" \/>\n<meta property=\"og:locale\" content=\"fr_FR\" \/>\n<meta property=\"og:type\" content=\"article\" \/>\n<meta property=\"og:title\" content=\"- Ma Visite en France\" \/>\n<meta property=\"og:description\" content=\"Ma visite en France, visiter les r\u00e9gions fran\u00e7aises de mani\u00e8re insolites et ludiques avec des activit\u00e9s class\u00e9es par r\u00e9gion.\" \/>\n<meta property=\"og:url\" content=\"https:\/\/mavisiteenfrance.com\/\" \/>\n<meta property=\"og:site_name\" content=\"Ma Visite en France\" \/>\n<meta property=\"article:modified_time\" content=\"2021-04-29T08:31:21+00:00\" \/>\n<meta property=\"og:image\" content=\"https:\/\/mavisiteenfrance.com\/wp-content\/uploads\/2021\/03\/Sans-titre-58.png\" \/>\n\t<meta property=\"og:image:width\" content=\"550\" \/>\n\t<meta property=\"og:image:height\" content=\"380\" \/>\n\t<meta property=\"og:image:type\" content=\"image\/png\" \/>\n<meta name=\"twitter:card\" content=\"summary_large_image\" \/>\n<meta name=\"twitter:label1\" content=\"Dur\u00e9e de lecture estim\u00e9e\" \/>\n\t<meta name=\"twitter:data1\" content=\"3 minutes\" \/>\n<script type=\"application\/ld+json\" class=\"yoast-schema-graph\">{\"@context\":\"https:\/\/schema.org\",\"@graph\":[{\"@type\":\"WebPage\",\"@id\":\"https:\/\/mavisiteenfrance.com\/\",\"url\":\"https:\/\/mavisiteenfrance.com\/\",\"name\":\"- Ma Visite en France\",\"isPartOf\":{\"@id\":\"https:\/\/mavisiteenfrance.com\/#website\"},\"datePublished\":\"2020-04-29T09:17:11+00:00\",\"dateModified\":\"2021-04-29T08:31:21+00:00\",\"description\":\"Ma visite en France, visiter les r\u00e9gions fran\u00e7aises de mani\u00e8re insolites et ludiques avec des activit\u00e9s class\u00e9es par r\u00e9gion.\",\"breadcrumb\":{\"@id\":\"https:\/\/mavisiteenfrance.com\/#breadcrumb\"},\"inLanguage\":\"fr-FR\",\"potentialAction\":[{\"@type\":\"ReadAction\",\"target\":[\"https:\/\/mavisiteenfrance.com\/\"]}]},{\"@type\":\"BreadcrumbList\",\"@id\":\"https:\/\/mavisiteenfrance.com\/#breadcrumb\",\"itemListElement\":[{\"@type\":\"ListItem\",\"position\":1,\"name\":\"Accueil\",\"item\":\"https:\/\/mavisiteenfrance.com\/\"},{\"@type\":\"ListItem\",\"position\":2,\"name\":\"\"}]},{\"@type\":\"WebSite\",\"@id\":\"https:\/\/mavisiteenfrance.com\/#website\",\"url\":\"https:\/\/mavisiteenfrance.com\/\",\"name\":\"Ma Visite en France\",\"description\":\"Exp\u00e9riences insolites\",\"potentialAction\":[{\"@type\":\"SearchAction\",\"target\":{\"@type\":\"EntryPoint\",\"urlTemplate\":\"https:\/\/mavisiteenfrance.com\/?s={search_term_string}\"},\"query-input\":\"required name=search_term_string\"}],\"inLanguage\":\"fr-FR\"}]}<\/script>\n<!-- \/ Yoast SEO plugin. -->","yoast_head_json":{"title":"- Ma Visite en France","description":"Ma visite en France, visiter les r\u00e9gions fran\u00e7aises de mani\u00e8re insolites et ludiques avec des activit\u00e9s class\u00e9es par r\u00e9gion.","robots":{"index":"index","follow":"follow","max-snippet":"max-snippet:-1","max-image-preview":"max-image-preview:large","max-video-preview":"max-video-preview:-1"},"canonical":"https:\/\/mavisiteenfrance.com\/","og_locale":"fr_FR","og_type":"article","og_title":"- Ma Visite en France","og_description":"Ma visite en France, visiter les r\u00e9gions fran\u00e7aises de mani\u00e8re insolites et ludiques avec des activit\u00e9s class\u00e9es par r\u00e9gion.","og_url":"https:\/\/mavisiteenfrance.com\/","og_site_name":"Ma Visite en France","article_modified_time":"2021-04-29T08:31:21+00:00","og_image":[{"width":550,"height":380,"url":"https:\/\/mavisiteenfrance.com\/wp-content\/uploads\/2021\/03\/Sans-titre-58.png","type":"image\/png"}],"twitter_card":"summary_large_image","twitter_misc":{"Dur\u00e9e de lecture estim\u00e9e":"3 minutes"},"schema":{"@context":"https:\/\/schema.org","@graph":[{"@type":"WebPage","@id":"https:\/\/mavisiteenfrance.com\/","url":"https:\/\/mavisiteenfrance.com\/","name":"- Ma Visite en France","isPartOf":{"@id":"https:\/\/mavisiteenfrance.com\/#website"},"datePublished":"2020-04-29T09:17:11+00:00","dateModified":"2021-04-29T08:31:21+00:00","description":"Ma visite en France, visiter les r\u00e9gions fran\u00e7aises de mani\u00e8re insolites et ludiques avec des activit\u00e9s class\u00e9es par r\u00e9gion.","breadcrumb":{"@id":"https:\/\/mavisiteenfrance.com\/#breadcrumb"},"inLanguage":"fr-FR","potentialAction":[{"@type":"ReadAction","target":["https:\/\/mavisiteenfrance.com\/"]}]},{"@type":"BreadcrumbList","@id":"https:\/\/mavisiteenfrance.com\/#breadcrumb","itemListElement":[{"@type":"ListItem","position":1,"name":"Accueil","item":"https:\/\/mavisiteenfrance.com\/"},{"@type":"ListItem","position":2,"name":""}]},{"@type":"WebSite","@id":"https:\/\/mavisiteenfrance.com\/#website","url":"https:\/\/mavisiteenfrance.com\/","name":"Ma Visite en France","description":"Exp\u00e9riences insolites","potentialAction":[{"@type":"SearchAction","target":{"@type":"EntryPoint","urlTemplate":"https:\/\/mavisiteenfrance.com\/?s={search_term_string}"},"query-input":"required name=search_term_string"}],"inLanguage":"fr-FR"}]}},"_links":{"self":[{"href":"https:\/\/mavisiteenfrance.com\/index.php\/wp-json\/wp\/v2\/pages\/2","targetHints":{"allow":["GET"]}}],"collection":[{"href":"https:\/\/mavisiteenfrance.com\/index.php\/wp-json\/wp\/v2\/pages"}],"about":[{"href":"https:\/\/mavisiteenfrance.com\/index.php\/wp-json\/wp\/v2\/types\/page"}],"author":[{"embeddable":true,"href":"https:\/\/mavisiteenfrance.com\/index.php\/wp-json\/wp\/v2\/users\/1"}],"replies":[{"embeddable":true,"href":"https:\/\/mavisiteenfrance.com\/index.php\/wp-json\/wp\/v2\/comments?post=2"}],"version-history":[{"count":13,"href":"https:\/\/mavisiteenfrance.com\/index.php\/wp-json\/wp\/v2\/pages\/2\/revisions"}],"predecessor-version":[{"id":1383,"href":"https:\/\/mavisiteenfrance.com\/index.php\/wp-json\/wp\/v2\/pages\/2\/revisions\/1383"}],"wp:attachment":[{"href":"https:\/\/mavisiteenfrance.com\/index.php\/wp-json\/wp\/v2\/media?parent=2"}],"curies":[{"name":"wp","href":"https:\/\/api.w.org\/{rel}","templated":true}]}}