{"id":289,"date":"2021-02-06T10:23:03","date_gmt":"2021-02-06T10:23:03","guid":{"rendered":"https:\/\/mavisiteenfrance.com\/?page_id=289"},"modified":"2021-02-06T11:11:25","modified_gmt":"2021-02-06T11:11:25","slug":"activites-insolites-region-de-dijon","status":"publish","type":"page","link":"https:\/\/mavisiteenfrance.com\/index.php\/bourgogne-franche-comte\/activites-insolites-region-de-dijon\/","title":{"rendered":"Activit\u00e9s insolites r\u00e9gion de Dijon"},"content":{"rendered":"      <div id=\"post-grid-lazy-361\" class=\"post-grid-lazy\"><img decoding=\"async\" alt=\"\" src=\"\" \/><\/div>\n    <script>\n      jQuery('#post-grid-lazy-361').ready(function($) {\n        $('#post-grid-lazy-361').fadeOut();\n        $('#post-grid-361   ').fadeIn();\n      })\n    <\/script>\n    <style type=\"text\/css\">\n      #post-grid-361 {\n        display: none;\n      }\n\n      .post-grid-lazy {\n        text-align: center;\n      }\n    <\/style>\n    <div data-options='{&quot;id&quot;:&quot;361&quot;,&quot;lazy_load&quot;:&quot;yes&quot;,&quot;masonry_enable&quot;:&quot;no&quot;,&quot;view_type&quot;:&quot;grid&quot;}' id=\"post-grid-361\" class=\"post-grid grid\">\n    \n\n\n    <div class=\"grid-items\">\n      <div class=\"item item-1180 skin flat even 0 \">\n        <div class=\"layer-wrapper layout-1228\">\n          <div\r\n        class=\"element element_1587190790308  element-media \">\r\n        <a target=\"_self\" href=\"https:\/\/mavisiteenfrance.com\/index.php\/rogny-les-sept-ecluses-monument-historique-des-7-ecluses\/\"><img loading=\"lazy\" decoding=\"async\" width=\"550\" height=\"380\" src=\"https:\/\/mavisiteenfrance.com\/wp-content\/uploads\/2021\/02\/Monument-historique-des-7-e\u0301cluses.png\" class=\"attachment-large size-large wp-post-image\" alt=\"\" \/><\/a>    <\/div>\r\n    <div class=\"element element_1587187895341  title \">\r\n                    <a target=\"_blank\"\r\n                href=\"https:\/\/mavisiteenfrance.com\/index.php\/rogny-les-sept-ecluses-monument-historique-des-7-ecluses\/\">Rogny-les-Sept-\u00c9cluses - Monument historique des 7 \u00e9cluses<\/a>\r\n            <\/div>\r\n    <\/div>\n  <\/div><div class=\"item item-1183 skin flat odd 1 \">\n        <div class=\"layer-wrapper layout-1228\">\n          <div\r\n        class=\"element element_1587190790308  element-media \">\r\n        <a target=\"_self\" href=\"https:\/\/mavisiteenfrance.com\/index.php\/curgy-visite-du-parc-dalosnys\/\"><img loading=\"lazy\" decoding=\"async\" width=\"550\" height=\"380\" src=\"https:\/\/mavisiteenfrance.com\/wp-content\/uploads\/2021\/02\/Visite-du-parc-dAlo\u0302snys-1.png\" class=\"attachment-large size-large wp-post-image\" alt=\"\" \/><\/a>    <\/div>\r\n    <div class=\"element element_1587187895341  title \">\r\n                    <a target=\"_blank\"\r\n                href=\"https:\/\/mavisiteenfrance.com\/index.php\/curgy-visite-du-parc-dalosnys\/\">Curgy - Visite du parc d'Al\u00f4snys<\/a>\r\n            <\/div>\r\n    <\/div>\n  <\/div><div class=\"item item-1203 skin flat even 2 \">\n        <div class=\"layer-wrapper layout-1228\">\n          <div\r\n        class=\"element element_1587190790308  element-media \">\r\n        <a target=\"_self\" href=\"https:\/\/mavisiteenfrance.com\/index.php\/mussy-sous-dun-bain-de-foret\/\"><img loading=\"lazy\" decoding=\"async\" width=\"550\" height=\"380\" src=\"https:\/\/mavisiteenfrance.com\/wp-content\/uploads\/2021\/02\/BAIN-DE-FORET.png\" class=\"attachment-large size-large wp-post-image\" alt=\"\" \/><\/a>    <\/div>\r\n    <div class=\"element element_1587187895341  title \">\r\n                    <a target=\"_blank\"\r\n                href=\"https:\/\/mavisiteenfrance.com\/index.php\/mussy-sous-dun-bain-de-foret\/\">Mussy-sous-Dun - Bain de for\u00eat<\/a>\r\n            <\/div>\r\n    <\/div>\n  <\/div><div class=\"item item-1206 skin flat odd 3 \">\n        <div class=\"layer-wrapper layout-1228\">\n          <div\r\n        class=\"element element_1587190790308  element-media \">\r\n        <a target=\"_self\" href=\"https:\/\/mavisiteenfrance.com\/index.php\/couches-quad-vignes-et-chateaux\/\"><img loading=\"lazy\" decoding=\"async\" width=\"550\" height=\"380\" src=\"https:\/\/mavisiteenfrance.com\/wp-content\/uploads\/2021\/02\/Quad-Vignes-et-cha\u0302teaux.png\" class=\"attachment-large size-large wp-post-image\" alt=\"\" \/><\/a>    <\/div>\r\n    <div class=\"element element_1587187895341  title \">\r\n                    <a target=\"_blank\"\r\n                href=\"https:\/\/mavisiteenfrance.com\/index.php\/couches-quad-vignes-et-chateaux\/\">Couches - Quad Vignes et ch\u00e2teaux<\/a>\r\n            <\/div>\r\n    <\/div>\n  <\/div><div class=\"item item-1241 skin flat even 4 \">\n        <div class=\"layer-wrapper layout-1228\">\n          <div\r\n        class=\"element element_1587190790308  element-media \">\r\n        <a target=\"_self\" href=\"https:\/\/mavisiteenfrance.com\/index.php\/digoin-bapteme-de-lair-en-montgolfiere\/\"><img loading=\"lazy\" decoding=\"async\" width=\"550\" height=\"380\" src=\"https:\/\/mavisiteenfrance.com\/wp-content\/uploads\/2021\/02\/Bapte\u0302me-de-lair-en-Montgolfie\u0300re.png\" class=\"attachment-large size-large wp-post-image\" alt=\"\" \/><\/a>    <\/div>\r\n    <div class=\"element element_1587187895341  title \">\r\n                    <a target=\"_blank\"\r\n                href=\"https:\/\/mavisiteenfrance.com\/index.php\/digoin-bapteme-de-lair-en-montgolfiere\/\">Digoin - Bapt\u00eame de l'air en Montgolfi\u00e8re<\/a>\r\n            <\/div>\r\n    <\/div>\n  <\/div><div class=\"item item-952 skin flat odd 5 \">\n        <div class=\"layer-wrapper layout-1228\">\n          <div\r\n        class=\"element element_1587190790308  element-media \">\r\n        <a target=\"_self\" href=\"https:\/\/mavisiteenfrance.com\/index.php\/violot-domaine-de-charmeval\/\"><img loading=\"lazy\" decoding=\"async\" width=\"550\" height=\"380\" src=\"https:\/\/mavisiteenfrance.com\/wp-content\/uploads\/2021\/02\/Domaine-de-Charmeval.png\" class=\"attachment-large size-large wp-post-image\" alt=\"\" \/><\/a>    <\/div>\r\n    <div class=\"element element_1587187895341  title \">\r\n                    <a target=\"_blank\"\r\n                href=\"https:\/\/mavisiteenfrance.com\/index.php\/violot-domaine-de-charmeval\/\">Violot - Domaine de Charmeval<\/a>\r\n            <\/div>\r\n    <\/div>\n  <\/div><div class=\"item item-966 skin flat even 6 \">\n        <div class=\"layer-wrapper layout-1228\">\n          <div\r\n        class=\"element element_1587190790308  element-media \">\r\n        <a target=\"_self\" href=\"https:\/\/mavisiteenfrance.com\/index.php\/perrigny-le-jardin-musical\/\"><img loading=\"lazy\" decoding=\"async\" width=\"550\" height=\"380\" src=\"https:\/\/mavisiteenfrance.com\/wp-content\/uploads\/2021\/02\/Le-jardin-musical.png\" class=\"attachment-large size-large wp-post-image\" alt=\"\" \/><\/a>    <\/div>\r\n    <div class=\"element element_1587187895341  title \">\r\n                    <a target=\"_blank\"\r\n                href=\"https:\/\/mavisiteenfrance.com\/index.php\/perrigny-le-jardin-musical\/\">Perrigny - Le jardin musical<\/a>\r\n            <\/div>\r\n    <\/div>\n  <\/div><div class=\"item item-2089 skin flat odd 7 \">\n        <div class=\"layer-wrapper layout-1228\">\n          <div\r\n        class=\"element element_1587190790308  element-media \">\r\n        <a target=\"_self\" href=\"https:\/\/mavisiteenfrance.com\/index.php\/prehy-degustation-de-vins-de-chablis-et-de-lauxerrois\/\"><img loading=\"lazy\" decoding=\"async\" width=\"550\" height=\"380\" src=\"https:\/\/mavisiteenfrance.com\/wp-content\/uploads\/2021\/03\/De\u0301gustation-de-vins-de-Chablis-et-de-lAuxerrois.png\" class=\"attachment-large size-large wp-post-image\" alt=\"\" \/><\/a>    <\/div>\r\n    <div class=\"element element_1587187895341  title \">\r\n                    <a target=\"_blank\"\r\n                href=\"https:\/\/mavisiteenfrance.com\/index.php\/prehy-degustation-de-vins-de-chablis-et-de-lauxerrois\/\">Pr\u00e9hy - D\u00e9gustation de vins de Chablis et de l'Auxerrois<\/a>\r\n            <\/div>\r\n    <\/div>\n  <\/div><div class=\"item item-2155 skin flat even 8 \">\n        <div class=\"layer-wrapper layout-1228\">\n          <div\r\n        class=\"element element_1587190790308  element-media \">\r\n        <a target=\"_self\" href=\"https:\/\/mavisiteenfrance.com\/index.php\/saint-julien-unis-vers-nature\/\"><img loading=\"lazy\" decoding=\"async\" width=\"550\" height=\"380\" src=\"https:\/\/mavisiteenfrance.com\/wp-content\/uploads\/2021\/03\/Unis-Vers-Nature.png\" class=\"attachment-large size-large wp-post-image\" alt=\"\" \/><\/a>    <\/div>\r\n    <div class=\"element element_1587187895341  title \">\r\n                    <a target=\"_blank\"\r\n                href=\"https:\/\/mavisiteenfrance.com\/index.php\/saint-julien-unis-vers-nature\/\">Saint-Julien - Unis Vers Nature<\/a>\r\n            <\/div>\r\n    <\/div>\n  <\/div><div class=\"item item-2241 skin flat odd 9 \">\n        <div class=\"layer-wrapper layout-1228\">\n          <div\r\n        class=\"element element_1587190790308  element-media \">\r\n        <a target=\"_self\" href=\"https:\/\/mavisiteenfrance.com\/index.php\/chevreaux-artisan-cuir\/\"><img loading=\"lazy\" decoding=\"async\" width=\"550\" height=\"380\" src=\"https:\/\/mavisiteenfrance.com\/wp-content\/uploads\/2021\/03\/Chevreaux-artisan-cuir.png\" class=\"attachment-large size-large wp-post-image\" alt=\"\" \/><\/a>    <\/div>\r\n    <div class=\"element element_1587187895341  title \">\r\n                    <a target=\"_blank\"\r\n                href=\"https:\/\/mavisiteenfrance.com\/index.php\/chevreaux-artisan-cuir\/\">Chevreaux - Artisan cuir<\/a>\r\n            <\/div>\r\n    <\/div>\n  <\/div><div class=\"item item-2421 skin flat even 10 \">\n        <div class=\"layer-wrapper layout-1228\">\n          <div\r\n        class=\"element element_1587190790308  element-media \">\r\n        <a target=\"_self\" href=\"https:\/\/mavisiteenfrance.com\/index.php\/uxeau-randonnee-bien-etre-en-pleine-nature-sevader-a-uxeau\/\"><img loading=\"lazy\" decoding=\"async\" width=\"550\" height=\"380\" src=\"https:\/\/mavisiteenfrance.com\/wp-content\/uploads\/2021\/03\/Randonne\u0301e-Bien-E\u0302tre-en-pleine-nature-\u2013-Se\u0301vader-a\u0300-Uxeau.png\" class=\"attachment-large size-large wp-post-image\" alt=\"\" \/><\/a>    <\/div>\r\n    <div class=\"element element_1587187895341  title \">\r\n                    <a target=\"_blank\"\r\n                href=\"https:\/\/mavisiteenfrance.com\/index.php\/uxeau-randonnee-bien-etre-en-pleine-nature-sevader-a-uxeau\/\">Uxeau - Randonn\u00e9e Bien-\u00catre en pleine nature \u2013 S'\u00e9vader \u00e0 Uxeau<\/a>\r\n            <\/div>\r\n    <\/div>\n  <\/div><div class=\"item item-2480 skin flat odd 11 \">\n        <div class=\"layer-wrapper layout-1228\">\n          <div\r\n        class=\"element element_1587190790308  element-media \">\r\n        <a target=\"_self\" href=\"https:\/\/mavisiteenfrance.com\/index.php\/autun-balade-en-kart-a-chien\/\"><img loading=\"lazy\" decoding=\"async\" width=\"550\" height=\"380\" src=\"https:\/\/mavisiteenfrance.com\/wp-content\/uploads\/2021\/04\/Balade-en-kart-a\u0300-chien.png\" class=\"attachment-large size-large wp-post-image\" alt=\"\" \/><\/a>    <\/div>\r\n    <div class=\"element element_1587187895341  title \">\r\n                    <a target=\"_blank\"\r\n                href=\"https:\/\/mavisiteenfrance.com\/index.php\/autun-balade-en-kart-a-chien\/\">Autun - Balade en kart \u00e0 chien<\/a>\r\n            <\/div>\r\n    <\/div>\n  <\/div><div class=\"item item-2571 skin flat even 12 \">\n        <div class=\"layer-wrapper layout-1228\">\n          <div\r\n        class=\"element element_1587190790308  element-media \">\r\n        <a target=\"_self\" href=\"https:\/\/mavisiteenfrance.com\/index.php\/flagey-les-auxonne-marche-de-producteurs-a-la-ferme\/\"><img loading=\"lazy\" decoding=\"async\" width=\"550\" height=\"380\" src=\"https:\/\/mavisiteenfrance.com\/wp-content\/uploads\/2021\/05\/Marche\u0301-de-Producteurs-a\u0300-la-Ferme.png\" class=\"attachment-large size-large wp-post-image\" alt=\"\" \/><\/a>    <\/div>\r\n    <div class=\"element element_1587187895341  title \">\r\n                    <a target=\"_blank\"\r\n                href=\"https:\/\/mavisiteenfrance.com\/index.php\/flagey-les-auxonne-marche-de-producteurs-a-la-ferme\/\">Flagey-l\u00e8s-Auxonne - March\u00e9 de Producteurs \u00e0 la Ferme<\/a>\r\n            <\/div>\r\n    <\/div>\n  <\/div><div class=\"item item-2684 skin flat odd 13 \">\n        <div class=\"layer-wrapper layout-1228\">\n          <div\r\n        class=\"element element_1587190790308  element-media \">\r\n        <a target=\"_self\" href=\"https:\/\/mavisiteenfrance.com\/index.php\/auxerre-cyclo-bateau\/\"><img loading=\"lazy\" decoding=\"async\" width=\"550\" height=\"380\" src=\"https:\/\/mavisiteenfrance.com\/wp-content\/uploads\/2021\/05\/Auxerre-Cyclo\u2013Bateau.png\" class=\"attachment-large size-large wp-post-image\" alt=\"\" \/><\/a>    <\/div>\r\n    <div class=\"element element_1587187895341  title \">\r\n                    <a target=\"_blank\"\r\n                href=\"https:\/\/mavisiteenfrance.com\/index.php\/auxerre-cyclo-bateau\/\">Auxerre - Cyclo\u2013Bateau<\/a>\r\n            <\/div>\r\n    <\/div>\n  <\/div><div class=\"item item-2708 skin flat even 14 \">\n        <div class=\"layer-wrapper layout-1228\">\n          <div\r\n        class=\"element element_1587190790308  element-media \">\r\n        <a target=\"_self\" href=\"https:\/\/mavisiteenfrance.com\/index.php\/chalon-sur-saone-balade-en-bateau-sur-la-saone\/\"><img loading=\"lazy\" decoding=\"async\" width=\"550\" height=\"380\" src=\"https:\/\/mavisiteenfrance.com\/wp-content\/uploads\/2021\/05\/Chalon-sur-Sao\u0302ne-Balade-en-bateau-sur-la-Sao\u0302ne.png\" class=\"attachment-large size-large wp-post-image\" alt=\"\" \/><\/a>    <\/div>\r\n    <div class=\"element element_1587187895341  title \">\r\n                    <a target=\"_blank\"\r\n                href=\"https:\/\/mavisiteenfrance.com\/index.php\/chalon-sur-saone-balade-en-bateau-sur-la-saone\/\">Chalon-sur-Sa\u00f4ne - Balade en bateau sur la Sa\u00f4ne<\/a>\r\n            <\/div>\r\n    <\/div>\n  <\/div><div class=\"item item-2715 skin flat odd 15 \">\n        <div class=\"layer-wrapper layout-1228\">\n          <div\r\n        class=\"element element_1587190790308  element-media \">\r\n        <a target=\"_self\" href=\"https:\/\/mavisiteenfrance.com\/index.php\/charolles-la-maison-du-charolais\/\"><img loading=\"lazy\" decoding=\"async\" width=\"550\" height=\"380\" src=\"https:\/\/mavisiteenfrance.com\/wp-content\/uploads\/2021\/05\/Charolles-La-Maison-du-Charolais.png\" class=\"attachment-large size-large wp-post-image\" alt=\"\" \/><\/a>    <\/div>\r\n    <div class=\"element element_1587187895341  title \">\r\n                    <a target=\"_blank\"\r\n                href=\"https:\/\/mavisiteenfrance.com\/index.php\/charolles-la-maison-du-charolais\/\">Charolles - La Maison du Charolais<\/a>\r\n            <\/div>\r\n    <\/div>\n  <\/div><div class=\"item item-2733 skin flat even 16 \">\n        <div class=\"layer-wrapper layout-1228\">\n          <div\r\n        class=\"element element_1587190790308  element-media \">\r\n        <a target=\"_self\" href=\"https:\/\/mavisiteenfrance.com\/index.php\/rogny-les-sept-ecluses-location-de-bateaux-a-pedales\/\"><img loading=\"lazy\" decoding=\"async\" width=\"550\" height=\"380\" src=\"https:\/\/mavisiteenfrance.com\/wp-content\/uploads\/2021\/05\/Rogny-les-Sept-E\u0301cluses-Location-de-bateaux-a\u0300-pe\u0301dales.png\" class=\"attachment-large size-large wp-post-image\" alt=\"\" \/><\/a>    <\/div>\r\n    <div class=\"element element_1587187895341  title \">\r\n                    <a target=\"_blank\"\r\n                href=\"https:\/\/mavisiteenfrance.com\/index.php\/rogny-les-sept-ecluses-location-de-bateaux-a-pedales\/\">Rogny-les-Sept-\u00c9cluses - Location de bateaux \u00e0 p\u00e9dales<\/a>\r\n            <\/div>\r\n    <\/div>\n  <\/div>    <\/div>\n    <div class=\"pagination\">\n      <div class=\"paginate\">\n      <\/div>\n  <style type=\"text\/css\">\n    #post-grid-361 .pagination .page-numbers {\n      font-size: 16px;\n      color: #fff;\n      background: #646464;\n    }\n\n    #post-grid-361 .pagination .page-numbers:hover,\n    #post-grid-361 .pagination .page-numbers.current {\n      background: #4b4b4b;\n    }\n  <\/style>\n  <\/div>\n    <style type=\"text\/css\">\r\n        .layout-1228 .element_1587190790308 {\r\n            overflow: hidden;\r\n                    }\r\n\r\n        .layout-1228 .element_1587190790308 img {\r\n            max-width: 100%;\r\n            height: auto;\r\n        }\r\n\r\n        @media only screen and (min-width: 1024px) {\r\n            .layout-1228 .element_1587190790308 {\r\n                height: auto;\r\n                            }\r\n        }\r\n\r\n        @media only screen and (min-width: 768px) and (max-width: 1023px) {\r\n            .layout-1228 .element_1587190790308 {\r\n                height: auto;\r\n                            }\r\n        }\r\n\r\n        @media only screen and (min-width: 0px) and (max-width: 767px) {\r\n            .layout-1228 .element_1587190790308 {\r\n                height: auto;\r\n                            }\r\n        }\r\n    <\/style>\r\n    <style type=\"text\/css\">\r\n        .layout-1228 .element_1587187895341 {\r\n            color: #ffffff;\r\n            font-size: 18px;\r\n            margin: 5px;\r\n            text-align: left;\r\n                    }\r\n\r\n        .layout-1228 .element_1587187895341 a {\r\n            color: #ffffff;\r\n            font-size: 18px;\r\n            margin: 5px;\r\n            text-align: left;\r\n                    }\r\n    <\/style>\r\n        <style type=\"text\/css\">\n      .layout-1228 a{text-decoration:none}.layout-1228{overflow:hidden;position:relative;vertical-align:top}.layout-1228:hover .layer-media{z-index:9}.layout-1228 .layer-media{-webkit-transition:all .4s ease 0s;transition:all .4s ease 0s;left:0;top:0;width:100%}.layout-1228 .layer-content{background:rgba(0,0,0,.3) none repeat scroll 0 0;bottom:0;color:#fff;left:0;position:absolute;-webkit-transition:all 1s ease 0s;transition:all 1s ease 0s;width:100%;}    <\/style>\n    <script>\n          <\/script>\n    <style type=\"text\/css\">\n    #post-grid-361 {\n      padding: 10px;\n          }\n\n    #post-grid-361 .item {\n      padding: 0px;\n      background: #fff;\n          }\n\n    #post-grid-361 .item .layer-media {\n      height:auto;    }\n\n    @media only screen and (min-width: 0px) and (max-width: 767px) {\n      #post-grid-361 .grid-items {\n        text-align: center;\n              }\n\n      #post-grid-361 .item {\n        width: 90%;\n        margin: 10px;\n        display: inline-block;\n        vertical-align: top;\n        height:auto;      }\n    }\n\n    @media only screen and (min-width: 768px) and (max-width: 1023px) {\n      #post-grid-361 .grid-items {\n        text-align: center;\n              }\n\n      #post-grid-361 .item {\n        width: 280px;\n        margin: 10px;\n        display: inline-block;\n        vertical-align: top;\n        max-height:auto;      }\n    }\n\n    @media only screen and (min-width: 1024px) {\n      #post-grid-361 .grid-items {\n        text-align: center;\n              }\n\n      #post-grid-361 .item {\n        width: 280px;\n        display: inline-block;\n        margin: 10px;\n        vertical-align: top;\n        height:auto;      }\n    }\n\n      <\/style>\n  <\/div>\n\n","protected":false},"excerpt":{"rendered":"","protected":false},"author":1,"featured_media":0,"parent":131,"menu_order":0,"comment_status":"closed","ping_status":"closed","template":"","meta":{"footnotes":""},"class_list":["post-289","page","type-page","status-publish","hentry"],"yoast_head":"<!-- This site is optimized with the Yoast SEO plugin v19.6.1 - https:\/\/yoast.com\/wordpress\/plugins\/seo\/ -->\n<title>Activit\u00e9s insolites r\u00e9gion de Dijon - Ma Visite en France<\/title>\n<meta name=\"robots\" content=\"index, follow, max-snippet:-1, max-image-preview:large, max-video-preview:-1\" \/>\n<link rel=\"canonical\" href=\"https:\/\/mavisiteenfrance.com\/index.php\/bourgogne-franche-comte\/activites-insolites-region-de-dijon\/\" \/>\n<meta property=\"og:locale\" content=\"fr_FR\" \/>\n<meta property=\"og:type\" content=\"article\" \/>\n<meta property=\"og:title\" content=\"Activit\u00e9s insolites r\u00e9gion de Dijon - Ma Visite en France\" \/>\n<meta property=\"og:url\" content=\"https:\/\/mavisiteenfrance.com\/index.php\/bourgogne-franche-comte\/activites-insolites-region-de-dijon\/\" \/>\n<meta property=\"og:site_name\" content=\"Ma Visite en France\" \/>\n<meta property=\"article:modified_time\" content=\"2021-02-06T11:11:25+00:00\" \/>\n<meta name=\"twitter:card\" content=\"summary_large_image\" \/>\n<script type=\"application\/ld+json\" class=\"yoast-schema-graph\">{\"@context\":\"https:\/\/schema.org\",\"@graph\":[{\"@type\":\"WebPage\",\"@id\":\"https:\/\/mavisiteenfrance.com\/index.php\/bourgogne-franche-comte\/activites-insolites-region-de-dijon\/\",\"url\":\"https:\/\/mavisiteenfrance.com\/index.php\/bourgogne-franche-comte\/activites-insolites-region-de-dijon\/\",\"name\":\"Activit\u00e9s insolites r\u00e9gion de Dijon - Ma Visite en France\",\"isPartOf\":{\"@id\":\"https:\/\/mavisiteenfrance.com\/#website\"},\"datePublished\":\"2021-02-06T10:23:03+00:00\",\"dateModified\":\"2021-02-06T11:11:25+00:00\",\"breadcrumb\":{\"@id\":\"https:\/\/mavisiteenfrance.com\/index.php\/bourgogne-franche-comte\/activites-insolites-region-de-dijon\/#breadcrumb\"},\"inLanguage\":\"fr-FR\",\"potentialAction\":[{\"@type\":\"ReadAction\",\"target\":[\"https:\/\/mavisiteenfrance.com\/index.php\/bourgogne-franche-comte\/activites-insolites-region-de-dijon\/\"]}]},{\"@type\":\"BreadcrumbList\",\"@id\":\"https:\/\/mavisiteenfrance.com\/index.php\/bourgogne-franche-comte\/activites-insolites-region-de-dijon\/#breadcrumb\",\"itemListElement\":[{\"@type\":\"ListItem\",\"position\":1,\"name\":\"Accueil\",\"item\":\"https:\/\/mavisiteenfrance.com\/\"},{\"@type\":\"ListItem\",\"position\":2,\"name\":\"Bourgogne-Franche-Comt\u00e9\",\"item\":\"https:\/\/mavisiteenfrance.com\/index.php\/bourgogne-franche-comte\/\"},{\"@type\":\"ListItem\",\"position\":3,\"name\":\"Activit\u00e9s insolites r\u00e9gion de Dijon\"}]},{\"@type\":\"WebSite\",\"@id\":\"https:\/\/mavisiteenfrance.com\/#website\",\"url\":\"https:\/\/mavisiteenfrance.com\/\",\"name\":\"Ma Visite en France\",\"description\":\"Exp\u00e9riences insolites\",\"potentialAction\":[{\"@type\":\"SearchAction\",\"target\":{\"@type\":\"EntryPoint\",\"urlTemplate\":\"https:\/\/mavisiteenfrance.com\/?s={search_term_string}\"},\"query-input\":\"required name=search_term_string\"}],\"inLanguage\":\"fr-FR\"}]}<\/script>\n<!-- \/ Yoast SEO plugin. -->","yoast_head_json":{"title":"Activit\u00e9s insolites r\u00e9gion de Dijon - Ma Visite en France","robots":{"index":"index","follow":"follow","max-snippet":"max-snippet:-1","max-image-preview":"max-image-preview:large","max-video-preview":"max-video-preview:-1"},"canonical":"https:\/\/mavisiteenfrance.com\/index.php\/bourgogne-franche-comte\/activites-insolites-region-de-dijon\/","og_locale":"fr_FR","og_type":"article","og_title":"Activit\u00e9s insolites r\u00e9gion de Dijon - Ma Visite en France","og_url":"https:\/\/mavisiteenfrance.com\/index.php\/bourgogne-franche-comte\/activites-insolites-region-de-dijon\/","og_site_name":"Ma Visite en France","article_modified_time":"2021-02-06T11:11:25+00:00","twitter_card":"summary_large_image","schema":{"@context":"https:\/\/schema.org","@graph":[{"@type":"WebPage","@id":"https:\/\/mavisiteenfrance.com\/index.php\/bourgogne-franche-comte\/activites-insolites-region-de-dijon\/","url":"https:\/\/mavisiteenfrance.com\/index.php\/bourgogne-franche-comte\/activites-insolites-region-de-dijon\/","name":"Activit\u00e9s insolites r\u00e9gion de Dijon - Ma Visite en France","isPartOf":{"@id":"https:\/\/mavisiteenfrance.com\/#website"},"datePublished":"2021-02-06T10:23:03+00:00","dateModified":"2021-02-06T11:11:25+00:00","breadcrumb":{"@id":"https:\/\/mavisiteenfrance.com\/index.php\/bourgogne-franche-comte\/activites-insolites-region-de-dijon\/#breadcrumb"},"inLanguage":"fr-FR","potentialAction":[{"@type":"ReadAction","target":["https:\/\/mavisiteenfrance.com\/index.php\/bourgogne-franche-comte\/activites-insolites-region-de-dijon\/"]}]},{"@type":"BreadcrumbList","@id":"https:\/\/mavisiteenfrance.com\/index.php\/bourgogne-franche-comte\/activites-insolites-region-de-dijon\/#breadcrumb","itemListElement":[{"@type":"ListItem","position":1,"name":"Accueil","item":"https:\/\/mavisiteenfrance.com\/"},{"@type":"ListItem","position":2,"name":"Bourgogne-Franche-Comt\u00e9","item":"https:\/\/mavisiteenfrance.com\/index.php\/bourgogne-franche-comte\/"},{"@type":"ListItem","position":3,"name":"Activit\u00e9s insolites r\u00e9gion de Dijon"}]},{"@type":"WebSite","@id":"https:\/\/mavisiteenfrance.com\/#website","url":"https:\/\/mavisiteenfrance.com\/","name":"Ma Visite en France","description":"Exp\u00e9riences insolites","potentialAction":[{"@type":"SearchAction","target":{"@type":"EntryPoint","urlTemplate":"https:\/\/mavisiteenfrance.com\/?s={search_term_string}"},"query-input":"required name=search_term_string"}],"inLanguage":"fr-FR"}]}},"_links":{"self":[{"href":"https:\/\/mavisiteenfrance.com\/index.php\/wp-json\/wp\/v2\/pages\/289","targetHints":{"allow":["GET"]}}],"collection":[{"href":"https:\/\/mavisiteenfrance.com\/index.php\/wp-json\/wp\/v2\/pages"}],"about":[{"href":"https:\/\/mavisiteenfrance.com\/index.php\/wp-json\/wp\/v2\/types\/page"}],"author":[{"embeddable":true,"href":"https:\/\/mavisiteenfrance.com\/index.php\/wp-json\/wp\/v2\/users\/1"}],"replies":[{"embeddable":true,"href":"https:\/\/mavisiteenfrance.com\/index.php\/wp-json\/wp\/v2\/comments?post=289"}],"version-history":[{"count":2,"href":"https:\/\/mavisiteenfrance.com\/index.php\/wp-json\/wp\/v2\/pages\/289\/revisions"}],"predecessor-version":[{"id":362,"href":"https:\/\/mavisiteenfrance.com\/index.php\/wp-json\/wp\/v2\/pages\/289\/revisions\/362"}],"up":[{"embeddable":true,"href":"https:\/\/mavisiteenfrance.com\/index.php\/wp-json\/wp\/v2\/pages\/131"}],"wp:attachment":[{"href":"https:\/\/mavisiteenfrance.com\/index.php\/wp-json\/wp\/v2\/media?parent=289"}],"curies":[{"name":"wp","href":"https:\/\/api.w.org\/{rel}","templated":true}]}}