{"id":297,"date":"2021-02-06T10:25:07","date_gmt":"2021-02-06T10:25:07","guid":{"rendered":"https:\/\/mavisiteenfrance.com\/?page_id=297"},"modified":"2021-02-06T11:20:52","modified_gmt":"2021-02-06T11:20:52","slug":"activites-insolites-region-de-quimper","status":"publish","type":"page","link":"https:\/\/mavisiteenfrance.com\/index.php\/bretagne\/activites-insolites-region-de-quimper\/","title":{"rendered":"Activit\u00e9s insolites r\u00e9gion de Quimper"},"content":{"rendered":"      <div id=\"post-grid-lazy-370\" class=\"post-grid-lazy\"><img decoding=\"async\" alt=\"\" src=\"\" \/><\/div>\n    <script>\n      jQuery('#post-grid-lazy-370').ready(function($) {\n        $('#post-grid-lazy-370').fadeOut();\n        $('#post-grid-370   ').fadeIn();\n      })\n    <\/script>\n    <style type=\"text\/css\">\n      #post-grid-370 {\n        display: none;\n      }\n\n      .post-grid-lazy {\n        text-align: center;\n      }\n    <\/style>\n    <div data-options='{&quot;id&quot;:&quot;370&quot;,&quot;lazy_load&quot;:&quot;yes&quot;,&quot;masonry_enable&quot;:&quot;no&quot;,&quot;view_type&quot;:&quot;grid&quot;}' id=\"post-grid-370\" class=\"post-grid grid\">\n    \n\n\n    <div class=\"grid-items\">\n      <div class=\"item item-1750 skin flat even 0 \">\n        <div class=\"layer-wrapper layout-1228\">\n          <div\r\n        class=\"element element_1587190790308  element-media \">\r\n        <a target=\"_self\" href=\"https:\/\/mavisiteenfrance.com\/index.php\/carnac-tuk-tour\/\"><img loading=\"lazy\" decoding=\"async\" width=\"550\" height=\"380\" src=\"https:\/\/mavisiteenfrance.com\/wp-content\/uploads\/2021\/03\/Carnac-Tuk-Tour.png\" class=\"attachment-large size-large wp-post-image\" alt=\"\" \/><\/a>    <\/div>\r\n    <div class=\"element element_1587187895341  title \">\r\n                    <a target=\"_blank\"\r\n                href=\"https:\/\/mavisiteenfrance.com\/index.php\/carnac-tuk-tour\/\">Carnac - Tuk Tour<\/a>\r\n            <\/div>\r\n    <\/div>\n  <\/div><div class=\"item item-1753 skin flat odd 1 \">\n        <div class=\"layer-wrapper layout-1228\">\n          <div\r\n        class=\"element element_1587190790308  element-media \">\r\n        <a target=\"_self\" href=\"https:\/\/mavisiteenfrance.com\/index.php\/plomodiern-char-a-voile-du-bout-du-monde\/\"><img loading=\"lazy\" decoding=\"async\" width=\"550\" height=\"380\" src=\"https:\/\/mavisiteenfrance.com\/wp-content\/uploads\/2021\/03\/char-a\u0300-voile-du-bout-du-monde.png\" class=\"attachment-large size-large wp-post-image\" alt=\"\" \/><\/a>    <\/div>\r\n    <div class=\"element element_1587187895341  title \">\r\n                    <a target=\"_blank\"\r\n                href=\"https:\/\/mavisiteenfrance.com\/index.php\/plomodiern-char-a-voile-du-bout-du-monde\/\">Plomodiern - char \u00e0 voile du bout du monde<\/a>\r\n            <\/div>\r\n    <\/div>\n  <\/div><div class=\"item item-1761 skin flat even 2 \">\n        <div class=\"layer-wrapper layout-1228\">\n          <div\r\n        class=\"element element_1587190790308  element-media \">\r\n        <a target=\"_self\" href=\"https:\/\/mavisiteenfrance.com\/index.php\/quiberon-les-echappees-litttorales\/\"><img loading=\"lazy\" decoding=\"async\" width=\"550\" height=\"380\" src=\"https:\/\/mavisiteenfrance.com\/wp-content\/uploads\/2021\/03\/Les-e\u0301chappe\u0301es-Litttorales.png\" class=\"attachment-large size-large wp-post-image\" alt=\"\" \/><\/a>    <\/div>\r\n    <div class=\"element element_1587187895341  title \">\r\n                    <a target=\"_blank\"\r\n                href=\"https:\/\/mavisiteenfrance.com\/index.php\/quiberon-les-echappees-litttorales\/\">Quiberon - Les \u00e9chapp\u00e9es Litttorales<\/a>\r\n            <\/div>\r\n    <\/div>\n  <\/div><div class=\"item item-1633 skin flat odd 3 \">\n        <div class=\"layer-wrapper layout-1228\">\n          <div\r\n        class=\"element element_1587190790308  element-media \">\r\n        <a target=\"_self\" href=\"https:\/\/mavisiteenfrance.com\/index.php\/tregunc-glenan-decouverte\/\"><img loading=\"lazy\" decoding=\"async\" width=\"550\" height=\"380\" src=\"https:\/\/mavisiteenfrance.com\/wp-content\/uploads\/2021\/03\/Gle\u0301nan-De\u0301couverte.png\" class=\"attachment-large size-large wp-post-image\" alt=\"\" \/><\/a>    <\/div>\r\n    <div class=\"element element_1587187895341  title \">\r\n                    <a target=\"_blank\"\r\n                href=\"https:\/\/mavisiteenfrance.com\/index.php\/tregunc-glenan-decouverte\/\">Tr\u00e9gunc - Gl\u00e9nan D\u00e9couverte<\/a>\r\n            <\/div>\r\n    <\/div>\n  <\/div><div class=\"item item-1642 skin flat even 4 \">\n        <div class=\"layer-wrapper layout-1228\">\n          <div\r\n        class=\"element element_1587190790308  element-media \">\r\n        <a target=\"_self\" href=\"https:\/\/mavisiteenfrance.com\/index.php\/plomeur-la-torche-surf-coaching\/\"><img loading=\"lazy\" decoding=\"async\" width=\"550\" height=\"380\" src=\"https:\/\/mavisiteenfrance.com\/wp-content\/uploads\/2021\/03\/La-Torche-Surf-Coaching.png\" class=\"attachment-large size-large wp-post-image\" alt=\"\" \/><\/a>    <\/div>\r\n    <div class=\"element element_1587187895341  title \">\r\n                    <a target=\"_blank\"\r\n                href=\"https:\/\/mavisiteenfrance.com\/index.php\/plomeur-la-torche-surf-coaching\/\">Plomeur - La Torche Surf Coaching<\/a>\r\n            <\/div>\r\n    <\/div>\n  <\/div><div class=\"item item-1200 skin flat odd 5 \">\n        <div class=\"layer-wrapper layout-1228\">\n          <div\r\n        class=\"element element_1587190790308  element-media \">\r\n        <a target=\"_self\" href=\"https:\/\/mavisiteenfrance.com\/index.php\/lorient-espace-des-sciences-maison-de-la-mer\/\"><img loading=\"lazy\" decoding=\"async\" width=\"550\" height=\"380\" src=\"https:\/\/mavisiteenfrance.com\/wp-content\/uploads\/2021\/02\/Espace-des-sciences_Maison-de-la-Mer.png\" class=\"attachment-large size-large wp-post-image\" alt=\"\" \/><\/a>    <\/div>\r\n    <div class=\"element element_1587187895341  title \">\r\n                    <a target=\"_blank\"\r\n                href=\"https:\/\/mavisiteenfrance.com\/index.php\/lorient-espace-des-sciences-maison-de-la-mer\/\">Lorient - Espace des sciences \/ Maison de la Mer<\/a>\r\n            <\/div>\r\n    <\/div>\n  <\/div><div class=\"item item-1030 skin flat even 6 \">\n        <div class=\"layer-wrapper layout-1228\">\n          <div\r\n        class=\"element element_1587190790308  element-media \">\r\n        <a target=\"_self\" href=\"https:\/\/mavisiteenfrance.com\/index.php\/elliant-parc-dattractions-odet-loisirs\/\"><img loading=\"lazy\" decoding=\"async\" width=\"550\" height=\"380\" src=\"https:\/\/mavisiteenfrance.com\/wp-content\/uploads\/2021\/02\/Parc-dattractions-ODET-LOISIRS-1-1.png\" class=\"attachment-large size-large wp-post-image\" alt=\"\" \/><\/a>    <\/div>\r\n    <div class=\"element element_1587187895341  title \">\r\n                    <a target=\"_blank\"\r\n                href=\"https:\/\/mavisiteenfrance.com\/index.php\/elliant-parc-dattractions-odet-loisirs\/\">Elliant - Parc d'attractions Odet Loisirs<\/a>\r\n            <\/div>\r\n    <\/div>\n  <\/div><div class=\"item item-987 skin flat odd 7 \">\n        <div class=\"layer-wrapper layout-1228\">\n          <div\r\n        class=\"element element_1587190790308  element-media \">\r\n        <a target=\"_self\" href=\"https:\/\/mavisiteenfrance.com\/index.php\/brasparts-cani-rando-en-compagnie-des-huskies\/\"><img loading=\"lazy\" decoding=\"async\" width=\"550\" height=\"380\" src=\"https:\/\/mavisiteenfrance.com\/wp-content\/uploads\/2021\/02\/Cani-rando-en-compagnie-des-huskies.png\" class=\"attachment-large size-large wp-post-image\" alt=\"\" \/><\/a>    <\/div>\r\n    <div class=\"element element_1587187895341  title \">\r\n                    <a target=\"_blank\"\r\n                href=\"https:\/\/mavisiteenfrance.com\/index.php\/brasparts-cani-rando-en-compagnie-des-huskies\/\">Brasparts - Cani rando en compagnie des huskies<\/a>\r\n            <\/div>\r\n    <\/div>\n  <\/div><div class=\"item item-2114 skin flat even 8 \">\n        <div class=\"layer-wrapper layout-1228\">\n          <div\r\n        class=\"element element_1587190790308  element-media \">\r\n        <a target=\"_self\" href=\"https:\/\/mavisiteenfrance.com\/index.php\/quimper-ouestybus\/\"><img loading=\"lazy\" decoding=\"async\" width=\"550\" height=\"380\" src=\"https:\/\/mavisiteenfrance.com\/wp-content\/uploads\/2021\/03\/OuesTyBus-1.png\" class=\"attachment-large size-large wp-post-image\" alt=\"\" \/><\/a>    <\/div>\r\n    <div class=\"element element_1587187895341  title \">\r\n                    <a target=\"_blank\"\r\n                href=\"https:\/\/mavisiteenfrance.com\/index.php\/quimper-ouestybus\/\">Quimper - OuesTyBus<\/a>\r\n            <\/div>\r\n    <\/div>\n  <\/div><div class=\"item item-2355 skin flat odd 9 \">\n        <div class=\"layer-wrapper layout-1228\">\n          <div\r\n        class=\"element element_1587190790308  element-media \">\r\n        <a target=\"_self\" href=\"https:\/\/mavisiteenfrance.com\/index.php\/pointe-du-raz-en-cap-sizun-veillee-crepusculaire-au-bout-du-monde\/\"><img loading=\"lazy\" decoding=\"async\" width=\"550\" height=\"380\" src=\"https:\/\/mavisiteenfrance.com\/wp-content\/uploads\/2021\/03\/Untitled-design-70.png\" class=\"attachment-large size-large wp-post-image\" alt=\"\" \/><\/a>    <\/div>\r\n    <div class=\"element element_1587187895341  title \">\r\n                    <a target=\"_blank\"\r\n                href=\"https:\/\/mavisiteenfrance.com\/index.php\/pointe-du-raz-en-cap-sizun-veillee-crepusculaire-au-bout-du-monde\/\">Pointe du Raz en Cap Sizun - Veill\u00e9e Cr\u00e9pusculaire au Bout du Monde<\/a>\r\n            <\/div>\r\n    <\/div>\n  <\/div><div class=\"item item-2639 skin flat even 10 \">\n        <div class=\"layer-wrapper layout-1228\">\n          <div\r\n        class=\"element element_1587190790308  element-media \">\r\n        <a target=\"_self\" href=\"https:\/\/mavisiteenfrance.com\/index.php\/plouhinec-ecole-de-surf-4-6-1\/\"><img loading=\"lazy\" decoding=\"async\" width=\"550\" height=\"380\" src=\"https:\/\/mavisiteenfrance.com\/wp-content\/uploads\/2021\/05\/Ecole-de-surf-4.6.1.png\" class=\"attachment-large size-large wp-post-image\" alt=\"\" \/><\/a>    <\/div>\r\n    <div class=\"element element_1587187895341  title \">\r\n                    <a target=\"_blank\"\r\n                href=\"https:\/\/mavisiteenfrance.com\/index.php\/plouhinec-ecole-de-surf-4-6-1\/\">Plouhinec - Ecole de surf 4.6.1<\/a>\r\n            <\/div>\r\n    <\/div>\n  <\/div><div class=\"item item-2642 skin flat odd 11 \">\n        <div class=\"layer-wrapper layout-1228\">\n          <div\r\n        class=\"element element_1587190790308  element-media \">\r\n        <a target=\"_self\" href=\"https:\/\/mavisiteenfrance.com\/index.php\/carnac-visites-guidees-en-gyropodes-segway\/\"><img loading=\"lazy\" decoding=\"async\" width=\"550\" height=\"380\" src=\"https:\/\/mavisiteenfrance.com\/wp-content\/uploads\/2021\/05\/Carnac-Visites-guide\u0301es-en-gyropodes-Segway.png\" class=\"attachment-large size-large wp-post-image\" alt=\"\" \/><\/a>    <\/div>\r\n    <div class=\"element element_1587187895341  title \">\r\n                    <a target=\"_blank\"\r\n                href=\"https:\/\/mavisiteenfrance.com\/index.php\/carnac-visites-guidees-en-gyropodes-segway\/\">Carnac - Visites guid\u00e9es en gyropodes Segway<\/a>\r\n            <\/div>\r\n    <\/div>\n  <\/div><div class=\"item item-2768 skin flat even 12 \">\n        <div class=\"layer-wrapper layout-1228\">\n          <div\r\n        class=\"element element_1587190790308  element-media \">\r\n        <a target=\"_self\" href=\"https:\/\/mavisiteenfrance.com\/index.php\/presquile-de-crozon-alpha-survie\/\"><img loading=\"lazy\" decoding=\"async\" width=\"550\" height=\"380\" src=\"https:\/\/mavisiteenfrance.com\/wp-content\/uploads\/2021\/06\/Presqui\u0302le-de-Crozon-Alpha-Survie.png\" class=\"attachment-large size-large wp-post-image\" alt=\"\" \/><\/a>    <\/div>\r\n    <div class=\"element element_1587187895341  title \">\r\n                    <a target=\"_blank\"\r\n                href=\"https:\/\/mavisiteenfrance.com\/index.php\/presquile-de-crozon-alpha-survie\/\">Presqu'\u00eele de Crozon - Alpha Survie<\/a>\r\n            <\/div>\r\n    <\/div>\n  <\/div><div class=\"item item-1679 skin flat odd 13 \">\n        <div class=\"layer-wrapper layout-1228\">\n          <div\r\n        class=\"element element_1587190790308  element-media \">\r\n        <a target=\"_self\" href=\"https:\/\/mavisiteenfrance.com\/index.php\/quimper-visites-guidees-du-pays-bigouden\/\"><img loading=\"lazy\" decoding=\"async\" width=\"550\" height=\"380\" src=\"https:\/\/mavisiteenfrance.com\/wp-content\/uploads\/2021\/03\/Visites-guide\u0301es-du-Pays-bigouden.png\" class=\"attachment-large size-large wp-post-image\" alt=\"\" \/><\/a>    <\/div>\r\n    <div class=\"element element_1587187895341  title \">\r\n                    <a target=\"_blank\"\r\n                href=\"https:\/\/mavisiteenfrance.com\/index.php\/quimper-visites-guidees-du-pays-bigouden\/\">Quimper - Visites guid\u00e9es du Pays bigouden<\/a>\r\n            <\/div>\r\n    <\/div>\n  <\/div><div class=\"item item-1844 skin flat even 14 \">\n        <div class=\"layer-wrapper layout-1228\">\n          <div\r\n        class=\"element element_1587190790308  element-media \">\r\n        <a target=\"_self\" href=\"https:\/\/mavisiteenfrance.com\/index.php\/quimper-les-archi-kurieux\/\"><img loading=\"lazy\" decoding=\"async\" width=\"550\" height=\"380\" src=\"https:\/\/mavisiteenfrance.com\/wp-content\/uploads\/2021\/03\/Les-Archi-Kurieux.png\" class=\"attachment-large size-large wp-post-image\" alt=\"\" \/><\/a>    <\/div>\r\n    <div class=\"element element_1587187895341  title \">\r\n                    <a target=\"_blank\"\r\n                href=\"https:\/\/mavisiteenfrance.com\/index.php\/quimper-les-archi-kurieux\/\">Quimper - Les Archi Kurieux<\/a>\r\n            <\/div>\r\n    <\/div>\n  <\/div>    <\/div>\n    <div class=\"pagination\">\n      <div class=\"paginate\">\n      <\/div>\n  <style type=\"text\/css\">\n    #post-grid-370 .pagination .page-numbers {\n      font-size: 16px;\n      color: #fff;\n      background: #646464;\n    }\n\n    #post-grid-370 .pagination .page-numbers:hover,\n    #post-grid-370 .pagination .page-numbers.current {\n      background: #4b4b4b;\n    }\n  <\/style>\n  <\/div>\n    <style type=\"text\/css\">\r\n        .layout-1228 .element_1587190790308 {\r\n            overflow: hidden;\r\n                    }\r\n\r\n        .layout-1228 .element_1587190790308 img {\r\n            max-width: 100%;\r\n            height: auto;\r\n        }\r\n\r\n        @media only screen and (min-width: 1024px) {\r\n            .layout-1228 .element_1587190790308 {\r\n                height: auto;\r\n                            }\r\n        }\r\n\r\n        @media only screen and (min-width: 768px) and (max-width: 1023px) {\r\n            .layout-1228 .element_1587190790308 {\r\n                height: auto;\r\n                            }\r\n        }\r\n\r\n        @media only screen and (min-width: 0px) and (max-width: 767px) {\r\n            .layout-1228 .element_1587190790308 {\r\n                height: auto;\r\n                            }\r\n        }\r\n    <\/style>\r\n    <style type=\"text\/css\">\r\n        .layout-1228 .element_1587187895341 {\r\n            color: #ffffff;\r\n            font-size: 18px;\r\n            margin: 5px;\r\n            text-align: left;\r\n                    }\r\n\r\n        .layout-1228 .element_1587187895341 a {\r\n            color: #ffffff;\r\n            font-size: 18px;\r\n            margin: 5px;\r\n            text-align: left;\r\n                    }\r\n    <\/style>\r\n        <style type=\"text\/css\">\n      .layout-1228 a{text-decoration:none}.layout-1228{overflow:hidden;position:relative;vertical-align:top}.layout-1228:hover .layer-media{z-index:9}.layout-1228 .layer-media{-webkit-transition:all .4s ease 0s;transition:all .4s ease 0s;left:0;top:0;width:100%}.layout-1228 .layer-content{background:rgba(0,0,0,.3) none repeat scroll 0 0;bottom:0;color:#fff;left:0;position:absolute;-webkit-transition:all 1s ease 0s;transition:all 1s ease 0s;width:100%;}    <\/style>\n    <script>\n          <\/script>\n    <style type=\"text\/css\">\n    #post-grid-370 {\n      padding: 10px;\n          }\n\n    #post-grid-370 .item {\n      padding: 0px;\n      background: #fff;\n          }\n\n    #post-grid-370 .item .layer-media {\n      height:auto;    }\n\n    @media only screen and (min-width: 0px) and (max-width: 767px) {\n      #post-grid-370 .grid-items {\n        text-align: center;\n              }\n\n      #post-grid-370 .item {\n        width: 90%;\n        margin: 10px;\n        display: inline-block;\n        vertical-align: top;\n        height:auto;      }\n    }\n\n    @media only screen and (min-width: 768px) and (max-width: 1023px) {\n      #post-grid-370 .grid-items {\n        text-align: center;\n              }\n\n      #post-grid-370 .item {\n        width: 280px;\n        margin: 10px;\n        display: inline-block;\n        vertical-align: top;\n        max-height:auto;      }\n    }\n\n    @media only screen and (min-width: 1024px) {\n      #post-grid-370 .grid-items {\n        text-align: center;\n              }\n\n      #post-grid-370 .item {\n        width: 280px;\n        display: inline-block;\n        margin: 10px;\n        vertical-align: top;\n        height:auto;      }\n    }\n\n      <\/style>\n  <\/div>\n\n","protected":false},"excerpt":{"rendered":"","protected":false},"author":1,"featured_media":0,"parent":133,"menu_order":0,"comment_status":"closed","ping_status":"closed","template":"","meta":{"footnotes":""},"class_list":["post-297","page","type-page","status-publish","hentry"],"yoast_head":"<!-- This site is optimized with the Yoast SEO plugin v19.6.1 - https:\/\/yoast.com\/wordpress\/plugins\/seo\/ -->\n<title>Activit\u00e9s insolites r\u00e9gion de Quimper - Ma Visite en France<\/title>\n<meta name=\"robots\" content=\"index, follow, max-snippet:-1, max-image-preview:large, max-video-preview:-1\" \/>\n<link rel=\"canonical\" href=\"https:\/\/mavisiteenfrance.com\/index.php\/bretagne\/activites-insolites-region-de-quimper\/\" \/>\n<meta property=\"og:locale\" content=\"fr_FR\" \/>\n<meta property=\"og:type\" content=\"article\" \/>\n<meta property=\"og:title\" content=\"Activit\u00e9s insolites r\u00e9gion de Quimper - Ma Visite en France\" \/>\n<meta property=\"og:url\" content=\"https:\/\/mavisiteenfrance.com\/index.php\/bretagne\/activites-insolites-region-de-quimper\/\" \/>\n<meta property=\"og:site_name\" content=\"Ma Visite en France\" \/>\n<meta property=\"article:modified_time\" content=\"2021-02-06T11:20:52+00:00\" \/>\n<meta name=\"twitter:card\" content=\"summary_large_image\" \/>\n<script type=\"application\/ld+json\" class=\"yoast-schema-graph\">{\"@context\":\"https:\/\/schema.org\",\"@graph\":[{\"@type\":\"WebPage\",\"@id\":\"https:\/\/mavisiteenfrance.com\/index.php\/bretagne\/activites-insolites-region-de-quimper\/\",\"url\":\"https:\/\/mavisiteenfrance.com\/index.php\/bretagne\/activites-insolites-region-de-quimper\/\",\"name\":\"Activit\u00e9s insolites r\u00e9gion de Quimper - Ma Visite en France\",\"isPartOf\":{\"@id\":\"https:\/\/mavisiteenfrance.com\/#website\"},\"datePublished\":\"2021-02-06T10:25:07+00:00\",\"dateModified\":\"2021-02-06T11:20:52+00:00\",\"breadcrumb\":{\"@id\":\"https:\/\/mavisiteenfrance.com\/index.php\/bretagne\/activites-insolites-region-de-quimper\/#breadcrumb\"},\"inLanguage\":\"fr-FR\",\"potentialAction\":[{\"@type\":\"ReadAction\",\"target\":[\"https:\/\/mavisiteenfrance.com\/index.php\/bretagne\/activites-insolites-region-de-quimper\/\"]}]},{\"@type\":\"BreadcrumbList\",\"@id\":\"https:\/\/mavisiteenfrance.com\/index.php\/bretagne\/activites-insolites-region-de-quimper\/#breadcrumb\",\"itemListElement\":[{\"@type\":\"ListItem\",\"position\":1,\"name\":\"Accueil\",\"item\":\"https:\/\/mavisiteenfrance.com\/\"},{\"@type\":\"ListItem\",\"position\":2,\"name\":\"Bretagne\",\"item\":\"https:\/\/mavisiteenfrance.com\/index.php\/bretagne\/\"},{\"@type\":\"ListItem\",\"position\":3,\"name\":\"Activit\u00e9s insolites r\u00e9gion de Quimper\"}]},{\"@type\":\"WebSite\",\"@id\":\"https:\/\/mavisiteenfrance.com\/#website\",\"url\":\"https:\/\/mavisiteenfrance.com\/\",\"name\":\"Ma Visite en France\",\"description\":\"Exp\u00e9riences insolites\",\"potentialAction\":[{\"@type\":\"SearchAction\",\"target\":{\"@type\":\"EntryPoint\",\"urlTemplate\":\"https:\/\/mavisiteenfrance.com\/?s={search_term_string}\"},\"query-input\":\"required name=search_term_string\"}],\"inLanguage\":\"fr-FR\"}]}<\/script>\n<!-- \/ Yoast SEO plugin. -->","yoast_head_json":{"title":"Activit\u00e9s insolites r\u00e9gion de Quimper - Ma Visite en France","robots":{"index":"index","follow":"follow","max-snippet":"max-snippet:-1","max-image-preview":"max-image-preview:large","max-video-preview":"max-video-preview:-1"},"canonical":"https:\/\/mavisiteenfrance.com\/index.php\/bretagne\/activites-insolites-region-de-quimper\/","og_locale":"fr_FR","og_type":"article","og_title":"Activit\u00e9s insolites r\u00e9gion de Quimper - Ma Visite en France","og_url":"https:\/\/mavisiteenfrance.com\/index.php\/bretagne\/activites-insolites-region-de-quimper\/","og_site_name":"Ma Visite en France","article_modified_time":"2021-02-06T11:20:52+00:00","twitter_card":"summary_large_image","schema":{"@context":"https:\/\/schema.org","@graph":[{"@type":"WebPage","@id":"https:\/\/mavisiteenfrance.com\/index.php\/bretagne\/activites-insolites-region-de-quimper\/","url":"https:\/\/mavisiteenfrance.com\/index.php\/bretagne\/activites-insolites-region-de-quimper\/","name":"Activit\u00e9s insolites r\u00e9gion de Quimper - Ma Visite en France","isPartOf":{"@id":"https:\/\/mavisiteenfrance.com\/#website"},"datePublished":"2021-02-06T10:25:07+00:00","dateModified":"2021-02-06T11:20:52+00:00","breadcrumb":{"@id":"https:\/\/mavisiteenfrance.com\/index.php\/bretagne\/activites-insolites-region-de-quimper\/#breadcrumb"},"inLanguage":"fr-FR","potentialAction":[{"@type":"ReadAction","target":["https:\/\/mavisiteenfrance.com\/index.php\/bretagne\/activites-insolites-region-de-quimper\/"]}]},{"@type":"BreadcrumbList","@id":"https:\/\/mavisiteenfrance.com\/index.php\/bretagne\/activites-insolites-region-de-quimper\/#breadcrumb","itemListElement":[{"@type":"ListItem","position":1,"name":"Accueil","item":"https:\/\/mavisiteenfrance.com\/"},{"@type":"ListItem","position":2,"name":"Bretagne","item":"https:\/\/mavisiteenfrance.com\/index.php\/bretagne\/"},{"@type":"ListItem","position":3,"name":"Activit\u00e9s insolites r\u00e9gion de Quimper"}]},{"@type":"WebSite","@id":"https:\/\/mavisiteenfrance.com\/#website","url":"https:\/\/mavisiteenfrance.com\/","name":"Ma Visite en France","description":"Exp\u00e9riences insolites","potentialAction":[{"@type":"SearchAction","target":{"@type":"EntryPoint","urlTemplate":"https:\/\/mavisiteenfrance.com\/?s={search_term_string}"},"query-input":"required name=search_term_string"}],"inLanguage":"fr-FR"}]}},"_links":{"self":[{"href":"https:\/\/mavisiteenfrance.com\/index.php\/wp-json\/wp\/v2\/pages\/297","targetHints":{"allow":["GET"]}}],"collection":[{"href":"https:\/\/mavisiteenfrance.com\/index.php\/wp-json\/wp\/v2\/pages"}],"about":[{"href":"https:\/\/mavisiteenfrance.com\/index.php\/wp-json\/wp\/v2\/types\/page"}],"author":[{"embeddable":true,"href":"https:\/\/mavisiteenfrance.com\/index.php\/wp-json\/wp\/v2\/users\/1"}],"replies":[{"embeddable":true,"href":"https:\/\/mavisiteenfrance.com\/index.php\/wp-json\/wp\/v2\/comments?post=297"}],"version-history":[{"count":2,"href":"https:\/\/mavisiteenfrance.com\/index.php\/wp-json\/wp\/v2\/pages\/297\/revisions"}],"predecessor-version":[{"id":371,"href":"https:\/\/mavisiteenfrance.com\/index.php\/wp-json\/wp\/v2\/pages\/297\/revisions\/371"}],"up":[{"embeddable":true,"href":"https:\/\/mavisiteenfrance.com\/index.php\/wp-json\/wp\/v2\/pages\/133"}],"wp:attachment":[{"href":"https:\/\/mavisiteenfrance.com\/index.php\/wp-json\/wp\/v2\/media?parent=297"}],"curies":[{"name":"wp","href":"https:\/\/api.w.org\/{rel}","templated":true}]}}